{"id":2176,"date":"2026-03-28T23:56:56","date_gmt":"2026-03-28T23:56:56","guid":{"rendered":"https:\/\/maintenir.ca\/?page_id=2176"},"modified":"2026-03-30T12:53:38","modified_gmt":"2026-03-30T12:53:38","slug":"sigma-ai","status":"publish","type":"page","link":"https:\/\/maintenir.ca\/fr\/sigma-ai\/","title":{"rendered":"Sigma IA"},"content":{"rendered":"<div class=\"wp-block-uagb-container uagb-block-81450f7d alignfull uagb-is-root-container\"><div class=\"uagb-container-inner-blocks-wrap\">\n<div class=\"wp-block-uagb-info-box uagb-block-31dccaf3 uagb-infobox__content-wrap  uagb-infobox-icon-above-title uagb-infobox-image-valign-top\"><div class=\"uagb-ifb-content\"><div class=\"uagb-ifb-title-wrap\"><div class=\"uagb-ifb-separator\"><\/div><h1 class=\"uagb-ifb-title\">Sigma IA<\/h1><\/div><p class=\"uagb-ifb-desc\"><strong>Agents IA personnalis\u00e9s con\u00e7us pour guider, informer et soutenir le fonctionnement et l'engagement de votre organisation.<\/strong><\/p><\/div><\/div>\n<\/div><\/div>\n\n\n\n<div class=\"wp-block-group has-ast-global-color-5-background-color has-background is-layout-constrained wp-container-core-group-is-layout-f36bc466 wp-block-group-is-layout-constrained\">\n<h2 class=\"wp-block-heading has-text-align-center has-black-color has-text-color has-link-color wp-elements-d875ba176d25daabe52b4dbe9ce8f2ea\">SIGMA EN ACTION<\/h2>\n\n\n\n<p class=\"has-text-align-center has-black-color has-text-color has-link-color wp-elements-18cd1ff02248e89d2612af8250008f4a\">Sigma est l'agent IA interactif de Maintenir, disponible sur ce site pour vous aider \u00e0 explorer, poser des questions et mieux comprendre comment Maintenir aborde ses op\u00e9rations.<\/p>\n\n\n\n<p class=\"has-text-align-center has-black-color has-text-color has-link-color wp-elements-1d3ade4291a2d4b552b1ed433df66965\">Au lieu de naviguer dans les pages et de chercher des informations, vous pouvez interagir directement avec Sigma pour obtenir des r\u00e9ponses claires, explorer des solutions et vous concentrer rapidement sur ce qui compte le plus.<\/p>\n\n\n\n<p class=\"has-text-align-center has-black-color has-text-color has-link-color wp-elements-2fd011b065058eeb8d3d21b104fcdeb0\">Ce que vous exp\u00e9rimentez ici est un exemple concret de la fa\u00e7on dont Sigma peut soutenir votre organisation.<\/p>\n<\/div>\n\n\n\n<div class=\"wp-block-group has-black-background-color has-background is-layout-constrained wp-container-core-group-is-layout-f36bc466 wp-block-group-is-layout-constrained\">\n<h2 class=\"wp-block-heading has-text-align-center has-white-color has-text-color has-link-color wp-elements-b4f092fb5e19a90da30fb50453f883be\">AGENTS IA PERSONNALIS\u00c9S, CONSTRUITS POUR VOTRE ORGANISATION<\/h2>\n\n\n\n<p class=\"has-text-align-center has-white-color has-text-color has-link-color wp-elements-8bc20a37f312b8f8a3eef19bd5541036\">Sigma fait partie de notre suite d'agents IA personnalis\u00e9s, con\u00e7us sp\u00e9cifiquement autour de votre organisation, de vos op\u00e9rations et de vos besoins.<\/p>\n\n\n\n<p class=\"has-text-align-center has-white-color has-text-color has-link-color wp-elements-ae579cd6856e86ecdb67dcba267a1600\">Nos agents fournissent un guide d'IA contr\u00f4l\u00e9 et sp\u00e9cifique \u00e0 l'entreprise pour les entreprises qui souhaitent am\u00e9liorer la navigation sur leur site Web, r\u00e9pondre aux questions r\u00e9p\u00e9titives, soutenir l'int\u00e9gration et offrir aux visiteurs un chemin plus rapide vers la bonne prochaine \u00e9tape.<\/p>\n\n\n\n<p class=\"has-text-align-center has-white-color has-text-color has-link-color wp-elements-7e9e5e6b3a283b0f88e52afd1005bd7c\">Chaque agent est personnalis\u00e9 pour refl\u00e9ter votre :<\/p>\n\n\n\n<p class=\"has-text-align-center has-white-color has-text-color has-link-color wp-elements-ba00b200b6a4010d4f851aeeae891a62\">\u2022 Structure de l'entreprise<br>\u2022 Services et processus<br>\u2022 Connaissances et syst\u00e8mes internes<br>\u2022 Interactions avec les clients et les employ\u00e9s<\/p>\n\n\n\n<p class=\"has-text-align-center has-white-color has-text-color has-link-color wp-elements-c1de622aa9bce0c89124a201e846e82c\">Cela garantit que l'exp\u00e9rience est align\u00e9e sur la fa\u00e7on dont votre organisation fonctionne r\u00e9ellement.<\/p>\n<\/div>\n\n\n\n<div class=\"wp-block-group is-layout-constrained wp-container-core-group-is-layout-f36bc466 wp-block-group-is-layout-constrained\">\n<h2 class=\"wp-block-heading has-text-align-center has-black-color has-text-color has-link-color wp-elements-ee34c91afc3a3bc01d25fa9b9eddb810\">Une mani\u00e8re plus intelligente d'engager<\/h2>\n\n\n\n<p class=\"has-text-align-center has-black-color has-text-color has-link-color wp-elements-b11c24efe76f2a219a188484b5537bbe\">Sigma transforme la mani\u00e8re dont les organisations pr\u00e9sentent les informations et interagissent avec les utilisateurs.<\/p>\n\n\n\n<p class=\"has-text-align-center has-black-color has-text-color has-link-color wp-elements-2aba2bcfdff2aa4242cdbfdc472d751b\">Au lieu de s'appuyer sur une navigation complexe, plusieurs pages et un contenu statique, Sigma permet aux utilisateurs de poser des questions et de recevoir des r\u00e9ponses claires et guid\u00e9es instantan\u00e9ment.<\/p>\n\n\n\n<p class=\"has-text-align-center has-black-color has-text-color has-link-color wp-elements-12115c48692b8105c73f7ba36e08ebed\">Cela cr\u00e9e une exp\u00e9rience plus efficace et plus attrayante qui :<\/p>\n\n\n\n<p class=\"has-text-align-center has-black-color has-text-color has-link-color wp-elements-466bb31a5f36e49878f3a3da8ed4b8bc\"> \u2022 R\u00e9duit les frictions dans la mani\u00e8re dont les utilisateurs trouvent les informations<br>\u2022 Simplifie la navigation sur votre site web<br>\u2022 Remplace les longues pages charg\u00e9es de texte par des guides interactifs<br>\u2022 Aide les utilisateurs \u00e0 progresser plus rapidement vers la prochaine \u00e9tape appropri\u00e9e<\/p>\n<\/div>\n\n\n\n<div class=\"wp-block-group has-black-background-color has-background is-layout-constrained wp-container-core-group-is-layout-f36bc466 wp-block-group-is-layout-constrained\">\n<h2 class=\"wp-block-heading has-text-align-center has-white-color has-text-color has-link-color wp-elements-85027f12c06df7ed938b87801a0bd79c\">CON\u00c7U POUR UN USAGE EXTERNE ET INTERNE<\/h2>\n\n\n\n<p class=\"has-text-align-center has-white-color has-text-color has-link-color wp-elements-6173c88ca832a4173089c906f2415b6a\">Les agents Sigma peuvent \u00eatre con\u00e7us pour prendre en charge les deux <strong>les interactions avec les clients<\/strong> et <strong>op\u00e9rations internes<\/strong>.<\/p>\n\n\n\n<hr class=\"wp-block-separator has-alpha-channel-opacity\"\/>\n\n\n\n<p class=\"has-text-align-center has-white-color has-text-color has-link-color wp-elements-aefbc43c0e437bcfb66fdc2a858f4248\"><strong>Agents en contact avec la client\u00e8le<\/strong><\/p>\n\n\n\n<p class=\"has-text-align-center has-white-color has-text-color has-link-color wp-elements-a90726db76411013ce9a3d2369799576\">Am\u00e9liorez la mani\u00e8re dont votre organisation interagit avec les clients et les prospects.<\/p>\n\n\n\n<p class=\"has-text-align-center has-white-color has-text-color has-link-color wp-elements-75f3452ecec662abe9cb8a9c695da9d1\">\u2022 Service et soutien \u00e0 la client\u00e8le<br>\u2022 Demandes de renseignements commerciaux et qualification<br>\u2022 Demande de devis et de prise en charge<br>\u2022 Guider les utilisateurs vers les produits ou services pertinents<\/p>\n\n\n\n<hr class=\"wp-block-separator has-alpha-channel-opacity\"\/>\n\n\n\n<p class=\"has-text-align-center has-white-color has-text-color has-link-color wp-elements-ccacfb113d80ec456124ef3029afca24\"><strong>Agents op\u00e9rationnels internes<\/strong><\/p>\n\n\n\n<p class=\"has-text-align-center has-white-color has-text-color has-link-color wp-elements-8cbc08248b163bfadcde5df51507e4ae\">Soutenir les employ\u00e9s et les flux de travail internes dans toute l'organisation.<\/p>\n\n\n\n<p class=\"has-text-align-center has-white-color has-text-color has-link-color wp-elements-ce82ceacfebac84382a754f777351d06\">\u2022 Guide des RH et de la politique<br>\u2022 Support en mati\u00e8re de s\u00e9curit\u00e9 et de r\u00e9glementation<br>\u2022 Formation et int\u00e9gration<br>\u2022 Renseignements op\u00e9rationnels et acc\u00e8s \u00e0 la connaissance<\/p>\n<\/div>\n\n\n\n<div class=\"wp-block-group has-white-background-color has-background is-layout-constrained wp-container-core-group-is-layout-f36bc466 wp-block-group-is-layout-constrained\">\n<h2 class=\"wp-block-heading has-text-align-center has-black-color has-text-color has-link-color wp-elements-bee25a3e5bc4492645ccf54d74f3d9d4\">ROLES MULTIPLES, AU TRAVERS D'UNE SUITE D'AGENTS<\/h2>\n\n\n\n<p class=\"has-text-align-center has-black-color has-text-color has-link-color wp-elements-661fe9145c03c3c807dc9f591df5f6b8\">Une suite d'agents, con\u00e7ue autour de votre organisation.<\/p>\n\n\n\n<p class=\"has-text-align-center has-black-color has-text-color has-link-color wp-elements-387a6251cfaf531a2d1c11aab9e1c447\">Sigma repr\u00e9sente le point d'entr\u00e9e le plus courant dans le framework d'agents IA de Maintenir, g\u00e9n\u00e9ralement utilis\u00e9 comme une porte d'entr\u00e9e num\u00e9rique pour guider les utilisateurs, r\u00e9pondre aux questions et faciliter la navigation.<\/p>\n\n\n\n<p class=\"has-text-align-center has-black-color has-text-color has-link-color wp-elements-8f20488152d083883709f45d8adc5bb4\">Au-del\u00e0 de Sigma, les organisations peuvent d\u00e9ployer une suite d'agents sp\u00e9cialis\u00e9s, chacun con\u00e7u pour prendre en charge des fonctions sp\u00e9cifiques au sein de l'entreprise.<\/p>\n\n\n\n<p class=\"has-text-align-center has-black-color has-text-color has-link-color wp-elements-4a1ef2303814d10f7a73d76f688ea7ad\">Ensemble, ces agents agissent comme une interface intelligente entre vos syst\u00e8mes, vos informations et les personnes qui les utilisent.<\/p>\n\n\n\n<hr class=\"wp-block-separator has-alpha-channel-opacity\"\/>\n\n\n\n<p class=\"has-text-align-center has-black-color has-text-color has-link-color wp-elements-3b2397d5796c79f7cdd5ed5945c2d901\">Ces agents peuvent prendre en charge des r\u00f4les tels que :<\/p>\n\n\n\n<p class=\"has-text-align-center has-black-color has-text-color has-link-color has-medium-font-size wp-elements-3f927d1289878938044df4a9ff0eb4ea\"><strong>Un Assistant Virtuel<\/strong><\/p>\n\n\n\n<p class=\"has-text-align-center has-black-color has-text-color has-link-color wp-elements-3afe13bd3e0dab2bba9290d34c5eec4a\">Aider les utilisateurs \u00e0 acc\u00e9der rapidement \u00e0 l'information, \u00e0 naviguer dans les syst\u00e8mes et \u00e0 obtenir des r\u00e9ponses sans avoir \u00e0 chercher.<\/p>\n\n\n\n<p class=\"has-text-align-center has-black-color has-text-color has-link-color has-medium-font-size wp-elements-a071ea3c6805191872684b6ae479e74d\"><strong>Une r\u00e9ceptionniste num\u00e9rique<\/strong><\/p>\n\n\n\n<p class=\"has-text-align-center has-black-color has-text-color has-link-color wp-elements-587f1cd604817e368571c6f439a52b84\">Agir comme la porte d'entr\u00e9e de votre organisation en guidant les visiteurs et en les dirigeant vers la prochaine \u00e9tape appropri\u00e9e.<\/p>\n\n\n\n<p class=\"has-text-align-center has-black-color has-text-color has-link-color has-medium-font-size wp-elements-5af0366948503a80842ce768b4e45f8d\"><strong>Un guide<\/strong><\/p>\n\n\n\n<p class=\"has-text-align-center has-black-color has-text-color has-link-color wp-elements-c43fd993d9950385d4653c02cbd80de3\">Aider les utilisateurs \u00e0 comprendre votre entreprise, vos services et vos op\u00e9rations gr\u00e2ce \u00e0 des conversations claires et structur\u00e9es.<\/p>\n\n\n\n<p class=\"has-text-align-center has-black-color has-text-color has-link-color has-medium-font-size wp-elements-965a296b0fcd00f73c8da6591498d94b\"><strong>Une couche de support client<\/strong><\/p>\n\n\n\n<p class=\"has-text-align-center has-black-color has-text-color has-link-color wp-elements-89579218764ebfdc6b6843ea0a388474\">Gestion des demandes courantes et des questions de service avec rapidit\u00e9 et coh\u00e9rence.<\/p>\n\n\n\n<p class=\"has-text-align-center has-black-color has-text-color has-link-color has-medium-font-size wp-elements-b37a843fca3fbdfe038f39d1af9a009c\"><strong>Un assistant des ventes et de la prise en charge<\/strong><\/p>\n\n\n\n<p class=\"has-text-align-center has-black-color has-text-color has-link-color wp-elements-627bd938f07adbcb402873991c69139d\">Soutenir les conversations pr\u00e9coces en clarifiant les besoins, en capturant les informations et en guidant les utilisateurs vers les bonnes solutions.<\/p>\n\n\n\n<p class=\"has-text-align-center has-black-color has-text-color has-link-color has-medium-font-size wp-elements-d049179754ab1338d8b6b601922410ba\"><strong>Une ressource de support interne<\/strong><\/p>\n\n\n\n<p class=\"has-text-align-center has-black-color has-text-color has-link-color wp-elements-fc4bddaaf1c6cef8bd2d3719a608dcc7\">Fournir aux employ\u00e9s un acc\u00e8s aux politiques, proc\u00e9dures, formations et connaissances op\u00e9rationnelles.<\/p>\n\n\n\n<p class=\"has-text-align-center has-black-color has-text-color has-link-color has-medium-font-size wp-elements-afd6e3906404b9a96bdfdf9e9c81944d\"><strong>Un repr\u00e9sentant de la marque<\/strong><\/p>\n\n\n\n<p class=\"has-text-align-center has-black-color has-text-color has-link-color wp-elements-37a7c09191e8455f838727c050f12809\">Garantir que chaque interaction refl\u00e8te la voix et la structure de votre organisation.<\/p>\n\n\n\n<p class=\"has-text-align-center has-black-color has-text-color has-link-color wp-elements-76c1dafe4ac8ff31cc3513e6974c1f5b\">Commencez avec un agent. D\u00e9veloppez pour cr\u00e9er une couche d'IA compl\u00e8te dans toute votre organisation.<\/p>\n<\/div>\n\n\n\n<div class=\"wp-block-group has-black-background-color has-background is-layout-constrained wp-container-core-group-is-layout-f36bc466 wp-block-group-is-layout-constrained\">\n<h2 class=\"wp-block-heading has-text-align-center has-white-color has-text-color has-link-color wp-elements-5fce0aac4955d364585e7fe4ba4e3ebe\">CAPACIT\u00c9S FONDAMENTALES<\/h2>\n\n\n\n<p class=\"has-text-align-center has-white-color has-text-color has-link-color wp-elements-fd535f3de36eeee5082271678737b7e9\">Les agents Sigma sont con\u00e7us pour \u00eatre fiables, r\u00e9actifs et faciles \u00e0 d\u00e9ployer.<\/p>\n\n\n\n<p class=\"has-text-align-center has-white-color has-text-color has-link-color wp-elements-82527454a9865be94b6b0a929a5bb5cf\"><strong>Les capacit\u00e9s principales comprennent<\/strong><\/p>\n\n\n\n<p class=\"has-text-align-center has-white-color has-text-color has-link-color wp-elements-2698902df168a6509363939986dbb5a8\">\u2022 Enti\u00e8rement personnalis\u00e9 pour votre organisation, y compris la marque, le message, le ton et la personnalit\u00e9 de l'IA<br>\u2022 Configurable par r\u00f4le, avec des r\u00e8gles de r\u00e9ponse d\u00e9finies, des garde-fous comportementaux et des chemins d'escalade<br>\u2022 Peut \u00eatre maintenu align\u00e9 avec le contenu approuv\u00e9 du site Web, les informations commerciales et les mises \u00e0 jour des connaissances \u00e0 mesure que vos informations \u00e9voluent<br>\u2022 Aide les utilisateurs \u00e0 trouver plus rapidement les informations pertinentes sans d\u00e9pendre d'une navigation complexe sur le site ou de la recherche de pages<br>\u2022 Fournit des r\u00e9ponses pr\u00e9cises, coh\u00e9rentes, bien cadr\u00e9es et bas\u00e9es sur votre environnement d'information approuv\u00e9<br>\u2022 Disponible 24h\/24, 7j\/7, 365j\/an et capable de g\u00e9rer plusieurs interactions simultan\u00e9es<br>\u2022 Prend en charge la communication dans plus de 100 langues<br>\u2022 Fonctionne rapidement et efficacement dans un environnement s\u00e9curis\u00e9<br>\u2022 Rapide et simple \u00e0 d\u00e9ployer avec une perturbation minimale de votre site web ou de votre exp\u00e9rience num\u00e9rique existante<br>\u2022 Peut guider les utilisateurs \u00e0 travers des flux de travail structur\u00e9s de saisie, de qualification, de routage et de transfert<br>\u2022 Les fonctionnalit\u00e9s premium optionnelles peuvent inclure la voix vers texte, l'analyse de la navigation, les r\u00e9sum\u00e9s de chat g\u00e9n\u00e9r\u00e9s par l'IA et le reporting.<\/p>\n<\/div>\n\n\n\n<div class=\"wp-block-group has-white-background-color has-background is-layout-constrained wp-container-core-group-is-layout-f36bc466 wp-block-group-is-layout-constrained\">\n<h2 class=\"wp-block-heading has-text-align-center has-black-color has-text-color has-link-color wp-elements-7e8ae15eb543cb74ada2cb8ee98ede4b\">Une porte d'entr\u00e9e num\u00e9rique plus efficace<\/h2>\n\n\n\n<p class=\"has-text-align-center has-black-color has-text-color has-link-color wp-elements-ec0fcb6c24bab25e80440a03f99007a8\">Sigma agit comme une couche frontale intelligente pour votre organisation.<\/p>\n\n\n\n<p class=\"has-text-align-center has-black-color has-text-color has-link-color wp-elements-46189e3611680486fb04e53da5e86a1b\">Cela aide \u00e0 expliquer votre entreprise plus clairement, \u00e0 guider les utilisateurs \u00e0 travers les informations et \u00e0 soutenir des interactions significatives d\u00e8s l'instant o\u00f9 quelqu'un interagit avec votre site.<\/p>\n\n\n\n<p class=\"has-text-align-center has-black-color has-text-color has-link-color wp-elements-86ada047ab26924084a27f1294cbf123\">Cela rend votre organisation plus facile \u00e0 comprendre, plus facile \u00e0 naviguer et plus facile \u00e0 engager.<\/p>\n<\/div>\n\n\n\n<div class=\"wp-block-group has-black-background-color has-background is-layout-constrained wp-container-core-group-is-layout-f36bc466 wp-block-group-is-layout-constrained\">\n<h2 class=\"wp-block-heading has-text-align-center has-white-color has-text-color has-link-color wp-elements-5d687db8232741cbe4cd99a658c2367d\">ESSAYEZ SIGMA<\/h2>\n\n\n\n<p class=\"has-text-align-center has-white-color has-text-color has-link-color wp-elements-09ef0e38355bfe325119f976fd165a15\">Sigma est disponible sur ce site en tant qu'exemple interactif.<\/p>\n\n\n\n<p class=\"has-text-align-center has-white-color has-text-color has-link-color wp-elements-3c703558a9a096824e5c3d962c4dc513\">Posez des questions, explorez des solutions et d\u00e9couvrez comment un agent IA personnalis\u00e9 peut guider les utilisateurs \u00e0 travers votre organisation de mani\u00e8re plus naturelle et efficace.<\/p>\n\n\n\n<p class=\"has-text-align-center has-white-color has-text-color has-link-color wp-elements-4d3754b96ccaf52626421b59e1013767\">En simplifiant l'acc\u00e8s des utilisateurs \u00e0 l'information et en r\u00e9duisant les interactions inutiles, Sigma contribue \u00e9galement \u00e0 des exp\u00e9riences num\u00e9riques plus efficaces qui soutiennent des objectifs plus larges en mati\u00e8re de d\u00e9veloppement durable et d'ESG.<\/p>\n<\/div>\n\n\n\n<div class=\"wp-block-uagb-container uagb-block-18b3bf3f alignfull uagb-is-root-container\"><div class=\"uagb-container-inner-blocks-wrap\"><\/div><\/div>\n\n\n\n<div class=\"wp-block-cover footercta\" style=\"min-height:50px;aspect-ratio:unset;\"><span aria-hidden=\"true\" class=\"wp-block-cover__background has-ast-global-color-0-background-color has-background-dim-100 has-background-dim\"><\/span><div class=\"wp-block-cover__inner-container is-layout-flow wp-block-cover-is-layout-flow\">\n<div class=\"wp-block-group is-content-justification-center is-nowrap is-layout-flex wp-container-core-group-is-layout-23441af8 wp-block-group-is-layout-flex\">\n<h4 class=\"wp-block-heading has-text-align-center has-ast-global-color-5-color has-text-color has-link-color wp-elements-554dc6622a34f09ef76a5cd569b47705\">Ne perdez plus d'argent \u00e0 cause des temps d'arr\u00eat. <a href=\"\/fr\/assessment\/\">Pr\u00eat ?<\/a><\/h4>\n<\/div>\n<\/div><\/div>","protected":false},"excerpt":{"rendered":"<p>SIGMA IN ACTION Sigma is Maintenir\u2019s interactive AI agent, available on this site to help you explore, ask questions, and [&hellip;]<\/p>\n","protected":false},"author":8,"featured_media":0,"parent":0,"menu_order":0,"comment_status":"closed","ping_status":"closed","template":"","meta":{"om_disable_all_campaigns":false,"inline_featured_image":false,"_uag_custom_page_level_css":"","_monsterinsights_skip_tracking":false,"_monsterinsights_sitenote_active":false,"_monsterinsights_sitenote_note":"","_monsterinsights_sitenote_category":0,"site-sidebar-layout":"default","site-content-layout":"","ast-site-content-layout":"full-width-container","site-content-style":"unboxed","site-sidebar-style":"boxed","ast-global-header-display":"","ast-banner-title-visibility":"disabled","ast-main-header-display":"","ast-hfb-above-header-display":"","ast-hfb-below-header-display":"","ast-hfb-mobile-header-display":"","site-post-title":"disabled","ast-breadcrumbs-content":"","ast-featured-img":"","footer-sml-layout":"","ast-disable-related-posts":"","theme-transparent-header-meta":"enabled","adv-header-id-meta":"","stick-header-meta":"","header-above-stick-meta":"","header-main-stick-meta":"","header-below-stick-meta":"","astra-migrate-meta-layouts":"","ast-page-background-enabled":"default","ast-page-background-meta":{"desktop":{"background-color":"var(--ast-global-color-4)","background-image":"","background-repeat":"repeat","background-position":"center center","background-size":"auto","background-attachment":"scroll","background-type":"","background-media":"","overlay-type":"","overlay-color":"","overlay-opacity":"","overlay-gradient":""},"tablet":{"background-color":"","background-image":"","background-repeat":"repeat","background-position":"center center","background-size":"auto","background-attachment":"scroll","background-type":"","background-media":"","overlay-type":"","overlay-color":"","overlay-opacity":"","overlay-gradient":""},"mobile":{"background-color":"","background-image":"","background-repeat":"repeat","background-position":"center center","background-size":"auto","background-attachment":"scroll","background-type":"","background-media":"","overlay-type":"","overlay-color":"","overlay-opacity":"","overlay-gradient":""}},"ast-content-background-meta":{"desktop":{"background-color":"var(--ast-global-color-5)","background-image":"","background-repeat":"repeat","background-position":"center center","background-size":"auto","background-attachment":"scroll","background-type":"","background-media":"","overlay-type":"","overlay-color":"","overlay-opacity":"","overlay-gradient":""},"tablet":{"background-color":"var(--ast-global-color-5)","background-image":"","background-repeat":"repeat","background-position":"center center","background-size":"auto","background-attachment":"scroll","background-type":"","background-media":"","overlay-type":"","overlay-color":"","overlay-opacity":"","overlay-gradient":""},"mobile":{"background-color":"var(--ast-global-color-5)","background-image":"","background-repeat":"repeat","background-position":"center center","background-size":"auto","background-attachment":"scroll","background-type":"","background-media":"","overlay-type":"","overlay-color":"","overlay-opacity":"","overlay-gradient":""}},"footnotes":""},"class_list":["post-2176","page","type-page","status-publish","hentry"],"aioseo_notices":[],"uagb_featured_image_src":{"full":false,"thumbnail":false,"medium":false,"medium_large":false,"large":false,"1536x1536":false,"2048x2048":false,"trp-custom-language-flag":false},"uagb_author_info":{"display_name":"Mike Bedard","author_link":"https:\/\/maintenir.ca\/fr\/author\/mike\/"},"uagb_comment_info":0,"uagb_excerpt":"SIGMA IN ACTION Sigma is Maintenir\u2019s interactive AI agent, available on this site to help you explore, ask questions, and [&hellip;]","_links":{"self":[{"href":"https:\/\/maintenir.ca\/fr\/wp-json\/wp\/v2\/pages\/2176","targetHints":{"allow":["GET"]}}],"collection":[{"href":"https:\/\/maintenir.ca\/fr\/wp-json\/wp\/v2\/pages"}],"about":[{"href":"https:\/\/maintenir.ca\/fr\/wp-json\/wp\/v2\/types\/page"}],"author":[{"embeddable":true,"href":"https:\/\/maintenir.ca\/fr\/wp-json\/wp\/v2\/users\/8"}],"replies":[{"embeddable":true,"href":"https:\/\/maintenir.ca\/fr\/wp-json\/wp\/v2\/comments?post=2176"}],"version-history":[{"count":15,"href":"https:\/\/maintenir.ca\/fr\/wp-json\/wp\/v2\/pages\/2176\/revisions"}],"predecessor-version":[{"id":2211,"href":"https:\/\/maintenir.ca\/fr\/wp-json\/wp\/v2\/pages\/2176\/revisions\/2211"}],"wp:attachment":[{"href":"https:\/\/maintenir.ca\/fr\/wp-json\/wp\/v2\/media?parent=2176"}],"curies":[{"name":"wp","href":"https:\/\/api.w.org\/{rel}","templated":true}]}}