{"id":2229,"date":"2026-04-09T01:38:38","date_gmt":"2026-04-09T01:38:38","guid":{"rendered":"https:\/\/maintenir.ca\/?page_id=2229"},"modified":"2026-04-09T09:47:52","modified_gmt":"2026-04-09T09:47:52","slug":"workflow-process-automation","status":"publish","type":"page","link":"https:\/\/maintenir.ca\/fr\/workflow-process-automation\/","title":{"rendered":"Workflow &#038; Process Automation"},"content":{"rendered":"<div class=\"wp-block-uagb-container uagb-block-81450f7d alignfull uagb-is-root-container\"><div class=\"uagb-container-inner-blocks-wrap\">\n<div class=\"wp-block-uagb-advanced-heading uagb-block-5d286853\"><h1 class=\"uagb-heading-text\">Automatisation des processus et des flux de travail<\/h1><\/div>\n<\/div><\/div>\n\n\n\n<div class=\"wp-block-group is-layout-constrained wp-container-core-group-is-layout-f36bc466 wp-block-group-is-layout-constrained\">\n<h2 class=\"wp-block-heading has-text-align-center\">Aper\u00e7u<\/h2>\n\n\n\n<p class=\"has-text-align-center\">La performance op\u00e9rationnelle d\u00e9pend de l'efficacit\u00e9 des flux de travail entre les personnes, les syst\u00e8mes et les environnements.<\/p>\n\n\n\n<p class=\"has-text-align-center\">L'automatisation des workflows et des processus aide les organisations \u00e0 structurer, connecter et optimiser la mani\u00e8re dont le travail est ex\u00e9cut\u00e9. Elle garantit la coh\u00e9rence des processus, la fluidit\u00e9 de la circulation de l'information et le d\u00e9clenchement des actions au bon moment.<\/p>\n\n\n\n<p class=\"has-text-align-center\">En am\u00e9liorant la fa\u00e7on dont le travail s'organise, les organisations peuvent r\u00e9duire les frictions, accro\u00eetre l'efficacit\u00e9 et r\u00e9agir plus efficacement aux conditions changeantes.<\/p>\n<\/div>\n\n\n\n<div class=\"wp-block-group has-white-color has-black-background-color has-text-color has-background has-link-color wp-elements-9c220fbae93dd62d4431bbb49781b362 is-layout-constrained wp-container-core-group-is-layout-f36bc466 wp-block-group-is-layout-constrained\">\n<h2 class=\"wp-block-heading has-text-align-center has-white-color has-text-color has-link-color wp-elements-dd97f27a2ca1112b1154f8b1d60b5b7a\">Le d\u00e9fi<\/h2>\n\n\n\n<p class=\"has-text-align-center\">De nombreuses organisations fonctionnent avec des flux de travail d\u00e9connect\u00e9s et des processus incoh\u00e9rents.<\/p>\n\n\n\n<p class=\"has-text-align-center\"><strong>Les d\u00e9fis courants incluent :<\/strong><\/p>\n\n\n\n<p class=\"has-text-align-center\">\u2022 T\u00e2ches manuelles r\u00e9p\u00e9titives et travail administratif<br>\u2022 Ex\u00e9cution incoh\u00e9rente entre les \u00e9quipes et les sites<br>\u2022 Syst\u00e8mes d\u00e9connect\u00e9s qui ne communiquent pas efficacement<br>\u2022 D\u00e9lais de coordination et de prise de d\u00e9cision<br>\u2022 Visibilit\u00e9 limit\u00e9e sur la progression du travail<\/p>\n\n\n\n<p class=\"has-text-align-center\">Ces lacunes cr\u00e9ent des inefficacit\u00e9s, augmentent les risques et rendent les op\u00e9rations plus difficiles \u00e0 g\u00e9rer.<\/p>\n<\/div>\n\n\n\n<div class=\"wp-block-group is-layout-constrained wp-container-core-group-is-layout-f36bc466 wp-block-group-is-layout-constrained\">\n<h2 class=\"wp-block-heading has-text-align-center\">Structurer comment le travail est effectu\u00e9<\/h2>\n\n\n\n<p class=\"has-text-align-center\">L'automatisation des flux de travail et des processus se concentre sur la structuration de la mani\u00e8re dont le travail circule au sein de l'organisation.<\/p>\n\n\n\n<p class=\"has-text-align-center\"><strong>Il s'agit notamment de<\/strong><\/p>\n\n\n\n<p class=\"has-text-align-center\">\u2022 D\u00e9finir des flux de travail et des \u00e9tapes de processus clairs<br>\u2022 Standardiser la fa\u00e7on dont les t\u00e2ches sont effectu\u00e9es<br>\u2022 S'assurer que le travail est effectu\u00e9 dans le bon ordre<br>\u2022 R\u00e9duction de la variabilit\u00e9 entre les \u00e9quipes et les sites<\/p>\n\n\n\n<p class=\"has-text-align-center\">Lorsque les flux de travail sont clairement structur\u00e9s, leur ex\u00e9cution devient plus pr\u00e9visible et efficace.<\/p>\n<\/div>\n\n\n\n<div class=\"wp-block-group has-white-color has-black-background-color has-text-color has-background has-link-color wp-elements-5e4ebbc9372d898bc4880da33fd5c22a is-layout-constrained wp-container-core-group-is-layout-f36bc466 wp-block-group-is-layout-constrained\">\n<h2 class=\"wp-block-heading has-text-align-center has-white-color has-text-color has-link-color wp-elements-e9a43e4beb8badd80408fb63f769ea79\">Connexion des syst\u00e8mes et des informations<\/h2>\n\n\n\n<p class=\"has-text-align-center\">Les workflows efficaces d\u00e9pendent de syst\u00e8mes connect\u00e9s.<\/p>\n\n\n\n<p class=\"has-text-align-center\"><strong>L'automatisation des flux de travail et des processus aide les organisations \u00e0 :<\/strong><\/p>\n\n\n\n<p class=\"has-text-align-center\">\u2022 Connecter les syst\u00e8mes et les donn\u00e9es \u00e0 travers l'organisation<br>\u2022 Assurer la circulation de l'information entre les \u00e9quipes et les plateformes<br>\u2022 R\u00e9duire la duplication et la saisie manuelle des donn\u00e9es<br>Am\u00e9liorer la coordination entre les fonctions op\u00e9rationnelles<\/p>\n\n\n\n<p class=\"has-text-align-center\">Cela cr\u00e9e un environnement op\u00e9rationnel plus unifi\u00e9.<\/p>\n<\/div>\n\n\n\n<div class=\"wp-block-group is-layout-constrained wp-container-core-group-is-layout-f36bc466 wp-block-group-is-layout-constrained\">\n<h2 class=\"wp-block-heading has-text-align-center\">Flux de travail intelligents et connect\u00e9s<\/h2>\n\n\n\n<p class=\"has-text-align-center\">Les op\u00e9rations modernes exigent des flux de travail qui soient non seulement structur\u00e9s, mais aussi r\u00e9actifs.<\/p>\n\n\n\n<p class=\"has-text-align-center\"><strong>L'automatisation des flux de travail et des processus peut \u00eatre am\u00e9lior\u00e9e gr\u00e2ce \u00e0 des syst\u00e8mes intelligents et \u00e0 des donn\u00e9es op\u00e9rationnelles connect\u00e9es, permettant aux organisations de :<\/strong><\/p>\n\n\n\n<p class=\"has-text-align-center\">\u2022 Guider les utilisateurs \u00e0 travers les flux de travail avec des interfaces simples et intuitives<br>\u2022 R\u00e9agir aux conditions du monde r\u00e9el au fur et \u00e0 mesure qu'elles se pr\u00e9sentent<br>\u2022 D\u00e9clencher des actions bas\u00e9es sur des r\u00e8gles et des signaux pr\u00e9d\u00e9finis<br>\u2022 Am\u00e9liorer la prise de d\u00e9cision gr\u00e2ce \u00e0 des informations opportunes et pertinentes<\/p>\n\n\n\n<p class=\"has-text-align-center\">Cela permet aux flux de travail de passer de processus statiques \u00e0 des syst\u00e8mes dynamiques et r\u00e9actifs.<\/p>\n<\/div>\n\n\n\n<div class=\"wp-block-group has-white-color has-black-background-color has-text-color has-background has-link-color wp-elements-7571c8780e6f1153ec89ff8524c9a3e9 is-layout-constrained wp-container-core-group-is-layout-f36bc466 wp-block-group-is-layout-constrained\">\n<h2 class=\"wp-block-heading has-text-align-center has-white-color has-text-color has-link-color wp-elements-c3c81388c36811868b10b3a74cb29c4c\">Am\u00e9lioration de la coordination et de l'ex\u00e9cution<\/h2>\n\n\n\n<p class=\"has-text-align-center\">L'automatisation des flux de travail et des processus am\u00e9liore la collaboration des \u00e9quipes.<\/p>\n\n\n\n<p class=\"has-text-align-center\"><strong>Les organisations peuvent :<\/strong><\/p>\n\n\n\n<p class=\"has-text-align-center\">Aligner les flux de travail entre les d\u00e9partements<br>\u2022 R\u00e9duire les retards caus\u00e9s par une mauvaise communication<br>- Veiller \u00e0 ce que les t\u00e2ches soient accomplies en toute transparence<br>\u2022 Am\u00e9liorer la r\u00e9activit\u00e9 aux changements op\u00e9rationnels<\/p>\n\n\n\n<p class=\"has-text-align-center\">Cela conduit \u00e0 une ex\u00e9cution plus fluide et \u00e0 de meilleures performances globales.<\/p>\n<\/div>\n\n\n\n<div class=\"wp-block-group is-layout-constrained wp-container-core-group-is-layout-f36bc466 wp-block-group-is-layout-constrained\">\n<h2 class=\"wp-block-heading has-text-align-center\">De l'activit\u00e9 \u00e0 la constance<\/h2>\n\n\n\n<p class=\"has-text-align-center\">De nombreuses organisations s'appuient sur l'effort individuel plut\u00f4t que sur des processus structur\u00e9s.<\/p>\n\n\n\n<p class=\"has-text-align-center\"><strong>L'automatisation des flux de travail et des processus permet de passer vers :<\/strong><\/p>\n\n\n\n<p class=\"has-text-align-center\">\u2022 Ex\u00e9cution constante des t\u00e2ches<br>\u2022 Processus r\u00e9p\u00e9tables et \u00e9volutifs<br>\u2022 D\u00e9pendance r\u00e9duite vis-\u00e0-vis des connaissances individuelles<br>\u2022 Qualit\u00e9 et fiabilit\u00e9 am\u00e9lior\u00e9es<\/p>\n\n\n\n<p class=\"has-text-align-center\">Cela cr\u00e9e une op\u00e9ration plus stable et \u00e9volutive.<\/p>\n<\/div>\n\n\n\n<div class=\"wp-block-group has-white-color has-black-background-color has-text-color has-background has-link-color wp-elements-8bf64e894ccb67cefe11bff028227d43 is-layout-constrained wp-container-core-group-is-layout-f36bc466 wp-block-group-is-layout-constrained\">\n<h2 class=\"wp-block-heading has-text-align-center has-white-color has-text-color has-link-color wp-elements-8d4c57be8b5d9f1aac64281e990b7d1e\">Am\u00e9lioration des flux de travail et de l'automatisation des processus<\/h2>\n\n\n\n<p class=\"has-text-align-center\"><strong>L'automatisation des processus et des flux de travail peut aider les organisations :<\/strong><\/p>\n\n\n\n<p class=\"has-text-align-center\">\u2022 R\u00e9duire le travail manuel et les efforts administratifs<br>\u2022 Am\u00e9liorer la coh\u00e9rence et la standardisation des processus<br>\u2022 Am\u00e9liorer la coordination entre les \u00e9quipes et les syst\u00e8mes<br>R\u00e9duire les d\u00e9lais et les frictions op\u00e9rationnelles<br>\u2022 Am\u00e9liorer la visibilit\u00e9 de l'ex\u00e9cution des flux de travail<br>\u2022 Accro\u00eetre la r\u00e9activit\u00e9 aux changements op\u00e9rationnels<\/p>\n<\/div>\n\n\n\n<div class=\"wp-block-group is-layout-constrained wp-container-core-group-is-layout-f36bc466 wp-block-group-is-layout-constrained\">\n<h2 class=\"wp-block-heading has-text-align-center\">Solutions disponibles<\/h2>\n\n\n\n<p class=\"has-text-align-center\">Maintenir offre l'automatisation des flux de travail et des processus gr\u00e2ce \u00e0 des solutions qui connectent les flux de travail, les syst\u00e8mes et les activit\u00e9s op\u00e9rationnelles au sein d'une couche d'ex\u00e9cution structur\u00e9e.<\/p>\n\n\n\n<p class=\"has-text-align-center\">Nous pouvons nous appuyer sur vos syst\u00e8mes existants ou proposer des solutions qui am\u00e9liorent la coordination, automatisent les processus et facilitent l'ex\u00e9cution en temps r\u00e9el.<\/p>\n\n\n\n<p class=\"has-text-align-center\">Si vous explorez des solutions directement, vous pouvez demander une d\u00e9mo ou en savoir plus ci-dessous.<\/p>\n\n\n\n<div class=\"wp-block-buttons is-content-justification-center is-layout-flex wp-container-core-buttons-is-layout-a89b3969 wp-block-buttons-is-layout-flex\">\n<div class=\"wp-block-button\"><a class=\"wp-block-button__link wp-element-button\" href=\"https:\/\/maintenir.ca\/fr\/contact\/\">CONTACTEZ-NOUS<\/a><\/div>\n<\/div>\n<\/div>\n\n\n\n<div class=\"wp-block-group has-white-color has-black-background-color has-text-color has-background has-link-color wp-elements-c9bbbd3e2a5345ddb988c1fe3d43b31c is-layout-constrained wp-container-core-group-is-layout-f36bc466 wp-block-group-is-layout-constrained\">\n<h2 class=\"wp-block-heading has-text-align-center has-white-color has-text-color has-link-color wp-elements-a23abf9af063719f2d84965ac1f4703c\">Plateforme de gestion d'espace de travail<\/h2>\n\n\n\n<p class=\"has-text-align-center\">Connecte et standardise les flux de travail entre les syst\u00e8mes et les \u00e9quipes, r\u00e9duisant l'effort manuel tout en am\u00e9liorant la coordination, la coh\u00e9rence et l'ex\u00e9cution.<\/p>\n\n\n\n<p class=\"has-text-align-center\">Je souhaite explorer cette solution plus en d\u00e9tail. <a href=\"https:\/\/maintenir.ca\/fr\/contact\/\" title=\"Contact\">Demander une d\u00e9mo<\/a><\/p>\n<\/div>\n\n\n\n<div class=\"wp-block-group is-layout-constrained wp-container-core-group-is-layout-f36bc466 wp-block-group-is-layout-constrained\">\n<h2 class=\"wp-block-heading has-text-align-center\">IA et Interfaces Intelligentes<\/h2>\n\n\n\n<p class=\"has-text-align-center\">Offrez un acc\u00e8s guid\u00e9 et interactif \u00e0 vos op\u00e9rations, permettant aux utilisateurs de r\u00e9cup\u00e9rer des informations, de lancer des flux de travail et de soutenir la prise de d\u00e9cision par le biais d'interactions simples et structur\u00e9es.<\/p>\n\n\n\n<p class=\"has-text-align-center\">Ces capacit\u00e9s peuvent aller d'assistants op\u00e9rationnels d\u00e9di\u00e9s \u00e0 des solutions d'IA enti\u00e8rement personnalis\u00e9es, con\u00e7ues autour des processus et des besoins de votre organisation.<\/p>\n\n\n\n<p class=\"has-text-align-center\">Je souhaite explorer cette solution plus en d\u00e9tail. <a href=\"https:\/\/maintenir.ca\/fr\/contact\/\" title=\"Contact\">Demander une d\u00e9mo<\/a><\/p>\n\n\n\n<hr class=\"wp-block-separator has-alpha-channel-opacity\"\/>\n<\/div>\n\n\n\n<div class=\"wp-block-group has-white-color has-black-background-color has-text-color has-background has-link-color wp-elements-da7ba9116a6ae26e097d66f8b5a5b8d7 is-layout-constrained wp-container-core-group-is-layout-f36bc466 wp-block-group-is-layout-constrained\">\n<h2 class=\"wp-block-heading has-text-align-center has-white-color has-text-color has-link-color wp-elements-4c9deeb0eda102d16add6c31cffce2b4\">Comment cela s'int\u00e8gre dans les op\u00e9rations<\/h2>\n\n\n\n<p class=\"has-text-align-center\">L'automatisation des flux de travail et des processus agit comme la couche d'ex\u00e9cution de vos op\u00e9rations.<\/p>\n\n\n\n<p class=\"has-text-align-center\"><strong>Cela connecte :<\/strong><\/p>\n\n\n\n<p class=\"has-text-align-center\">\u2022 Les personnes effectuant le travail<br>\u2022 Syst\u00e8mes supportant les op\u00e9rations<br>Flux de travail qui d\u00e9finissent comment le travail est effectu\u00e9<\/p>\n\n\n\n<p class=\"has-text-align-center\">Cela permet de garantir que les activit\u00e9s op\u00e9rationnelles sont coordonn\u00e9es, coh\u00e9rentes et align\u00e9es.<\/p>\n<\/div>\n\n\n\n<div class=\"wp-block-group is-layout-constrained wp-container-core-group-is-layout-f36bc466 wp-block-group-is-layout-constrained\">\n<h2 class=\"wp-block-heading has-text-align-center\">R\u00e9sum\u00e9<\/h2>\n\n\n\n<p class=\"has-text-align-center\">L'automatisation des flux de travail et des processus transforme la mani\u00e8re dont le travail est ex\u00e9cut\u00e9 dans toute l'organisation.<\/p>\n\n\n\n<p class=\"has-text-align-center\">En am\u00e9liorant la structure, la coordination et le flux, cela permet aux organisations de fonctionner plus efficacement, de r\u00e9agir plus rapidement et de maintenir des performances constantes.<\/p>\n\n\n\n<p class=\"has-text-align-center\">C'est une capacit\u00e9 essentielle pour b\u00e2tir des op\u00e9rations connect\u00e9es, performantes et ax\u00e9es sur les personnes.<\/p>\n<\/div>\n\n\n\n<div class=\"wp-block-uagb-container uagb-block-18b3bf3f alignfull uagb-is-root-container\"><div class=\"uagb-container-inner-blocks-wrap\"><\/div><\/div>\n\n\n\n<div class=\"wp-block-cover footercta\" style=\"min-height:50px;aspect-ratio:unset;\"><span aria-hidden=\"true\" class=\"wp-block-cover__background has-ast-global-color-0-background-color has-background-dim-100 has-background-dim\"><\/span><div class=\"wp-block-cover__inner-container is-layout-flow wp-block-cover-is-layout-flow\">\n<div class=\"wp-block-group is-content-justification-center is-nowrap is-layout-flex wp-container-core-group-is-layout-23441af8 wp-block-group-is-layout-flex\">\n<h4 class=\"wp-block-heading has-text-align-center has-ast-global-color-5-color has-text-color has-link-color wp-elements-554dc6622a34f09ef76a5cd569b47705\">Ne perdez plus d'argent \u00e0 cause des temps d'arr\u00eat. <a href=\"\/fr\/assessment\/\">Pr\u00eat ?<\/a><\/h4>\n<\/div>\n<\/div><\/div>","protected":false},"excerpt":{"rendered":"<p>Workflow &amp; Process Automation Overview Operational performance depends on how effectively workflows across people, systems, and environments. Workflow &amp; Process [&hellip;]<\/p>\n","protected":false},"author":7,"featured_media":0,"parent":0,"menu_order":0,"comment_status":"closed","ping_status":"closed","template":"","meta":{"om_disable_all_campaigns":false,"inline_featured_image":false,"_uag_custom_page_level_css":"","_monsterinsights_skip_tracking":false,"_monsterinsights_sitenote_active":false,"_monsterinsights_sitenote_note":"","_monsterinsights_sitenote_category":0,"site-sidebar-layout":"default","site-content-layout":"","ast-site-content-layout":"full-width-container","site-content-style":"default","site-sidebar-style":"default","ast-global-header-display":"","ast-banner-title-visibility":"","ast-main-header-display":"","ast-hfb-above-header-display":"","ast-hfb-below-header-display":"","ast-hfb-mobile-header-display":"","site-post-title":"disabled","ast-breadcrumbs-content":"","ast-featured-img":"","footer-sml-layout":"","ast-disable-related-posts":"","theme-transparent-header-meta":"enabled","adv-header-id-meta":"","stick-header-meta":"","header-above-stick-meta":"","header-main-stick-meta":"","header-below-stick-meta":"","astra-migrate-meta-layouts":"","ast-page-background-enabled":"default","ast-page-background-meta":{"desktop":{"background-color":"var(--ast-global-color-4)","background-image":"","background-repeat":"repeat","background-position":"center center","background-size":"auto","background-attachment":"scroll","background-type":"","background-media":"","overlay-type":"","overlay-color":"","overlay-opacity":"","overlay-gradient":""},"tablet":{"background-color":"","background-image":"","background-repeat":"repeat","background-position":"center center","background-size":"auto","background-attachment":"scroll","background-type":"","background-media":"","overlay-type":"","overlay-color":"","overlay-opacity":"","overlay-gradient":""},"mobile":{"background-color":"","background-image":"","background-repeat":"repeat","background-position":"center center","background-size":"auto","background-attachment":"scroll","background-type":"","background-media":"","overlay-type":"","overlay-color":"","overlay-opacity":"","overlay-gradient":""}},"ast-content-background-meta":{"desktop":{"background-color":"var(--ast-global-color-5)","background-image":"","background-repeat":"repeat","background-position":"center center","background-size":"auto","background-attachment":"scroll","background-type":"","background-media":"","overlay-type":"","overlay-color":"","overlay-opacity":"","overlay-gradient":""},"tablet":{"background-color":"var(--ast-global-color-5)","background-image":"","background-repeat":"repeat","background-position":"center center","background-size":"auto","background-attachment":"scroll","background-type":"","background-media":"","overlay-type":"","overlay-color":"","overlay-opacity":"","overlay-gradient":""},"mobile":{"background-color":"var(--ast-global-color-5)","background-image":"","background-repeat":"repeat","background-position":"center center","background-size":"auto","background-attachment":"scroll","background-type":"","background-media":"","overlay-type":"","overlay-color":"","overlay-opacity":"","overlay-gradient":""}},"footnotes":""},"class_list":["post-2229","page","type-page","status-publish","hentry"],"aioseo_notices":[],"uagb_featured_image_src":{"full":false,"thumbnail":false,"medium":false,"medium_large":false,"large":false,"1536x1536":false,"2048x2048":false,"trp-custom-language-flag":false},"uagb_author_info":{"display_name":"David Maillard","author_link":"https:\/\/maintenir.ca\/fr\/author\/prurxtyadc5e\/"},"uagb_comment_info":0,"uagb_excerpt":"Workflow &amp; Process Automation Overview Operational performance depends on how effectively workflows across people, systems, and environments. Workflow &amp; Process [&hellip;]","_links":{"self":[{"href":"https:\/\/maintenir.ca\/fr\/wp-json\/wp\/v2\/pages\/2229","targetHints":{"allow":["GET"]}}],"collection":[{"href":"https:\/\/maintenir.ca\/fr\/wp-json\/wp\/v2\/pages"}],"about":[{"href":"https:\/\/maintenir.ca\/fr\/wp-json\/wp\/v2\/types\/page"}],"author":[{"embeddable":true,"href":"https:\/\/maintenir.ca\/fr\/wp-json\/wp\/v2\/users\/7"}],"replies":[{"embeddable":true,"href":"https:\/\/maintenir.ca\/fr\/wp-json\/wp\/v2\/comments?post=2229"}],"version-history":[{"count":4,"href":"https:\/\/maintenir.ca\/fr\/wp-json\/wp\/v2\/pages\/2229\/revisions"}],"predecessor-version":[{"id":2260,"href":"https:\/\/maintenir.ca\/fr\/wp-json\/wp\/v2\/pages\/2229\/revisions\/2260"}],"wp:attachment":[{"href":"https:\/\/maintenir.ca\/fr\/wp-json\/wp\/v2\/media?parent=2229"}],"curies":[{"name":"wp","href":"https:\/\/api.w.org\/{rel}","templated":true}]}}