{"id":2288,"date":"2026-04-16T11:41:39","date_gmt":"2026-04-16T11:41:39","guid":{"rendered":"https:\/\/maintenir.ca\/?page_id=2288"},"modified":"2026-04-16T11:41:40","modified_gmt":"2026-04-16T11:41:40","slug":"franchise-retail-industry","status":"publish","type":"page","link":"https:\/\/maintenir.ca\/fr\/franchise-retail-industry\/","title":{"rendered":"FRANCHISE &amp; RETAIL \u2014 INDUSTRY"},"content":{"rendered":"<div class=\"wp-block-uagb-container uagb-block-81450f7d alignfull uagb-is-root-container\"><div class=\"uagb-container-inner-blocks-wrap\">\n<h2 class=\"wp-block-heading alignfull has-text-align-center has-white-color has-text-color has-link-color wp-elements-63de6cb994fb3905931c175a2ba36e32\" style=\"font-size:62px\">Franchise et Commerce de D\u00e9tail<\/h2>\n<\/div><\/div>\n\n\n\n<div class=\"wp-block-group has-black-color has-ast-global-color-5-background-color has-text-color has-background has-link-color wp-elements-adb857da6778756924c7e787a1f0e1a7 is-layout-constrained wp-container-core-group-is-layout-f36bc466 wp-block-group-is-layout-constrained\">\n<h2 class=\"wp-block-heading has-text-align-center has-black-color has-text-color has-link-color wp-elements-d8205a8a50ba06e8bd24e14922735309\">Aper\u00e7u<\/h2>\n\n\n\n<p class=\"has-text-align-center\">Les organisations de franchise et de vente au d\u00e9tail op\u00e8rent sur plusieurs sites o\u00f9 la coh\u00e9rence, la coordination et l'ex\u00e9cution sont essentielles \u00e0 la performance.<\/p>\n\n\n\n<p class=\"has-text-align-center\">Whether managing stores, services, or customer environments, success depends on how effectively operations are standardized, monitored, and supported across locations. Small variations in execution can quickly impact customer experience, brand consistency, and overall performance.<\/p>\n\n\n\n<p class=\"has-text-align-center\">Organizations that maintain clear visibility, structured workflows, and strong coordination across locations are better positioned to scale and perform consistently.<\/p>\n<\/div>\n\n\n\n<div class=\"wp-block-group has-white-color has-ast-global-color-8-background-color has-text-color has-background has-link-color wp-elements-d1ebbe6afc1e1280f21b6312953883c5 is-layout-constrained wp-container-core-group-is-layout-f36bc466 wp-block-group-is-layout-constrained\">\n<h2 class=\"wp-block-heading has-text-align-center has-white-color has-text-color has-link-color wp-elements-dd97f27a2ca1112b1154f8b1d60b5b7a\">Le d\u00e9fi<\/h2>\n\n\n\n<p class=\"has-text-align-center\">Franchise and retail operations must balance central control with local execution.<\/p>\n\n\n\n<p class=\"has-text-align-center\">Organizations often face challenges such as:<\/p>\n\n\n\n<p class=\"has-text-align-center\">\u2022 Maintaining consistency across multiple locations<br>\u2022 Limited visibility into operational performance at the store level<br>\u2022 Coordination between head office and individual locations<br>\u2022 Inconsistent execution of processes and standards<br>\u2022 Managing facilities, equipment, and environments across sites<br>\u2022 Capturing feedback and insights from frontline teams<\/p>\n\n\n\n<p class=\"has-text-align-center\">These challenges make it difficult to maintain alignment and scale performance.<\/p>\n<\/div>\n\n\n\n<div class=\"wp-block-group is-layout-constrained wp-container-core-group-is-layout-f36bc466 wp-block-group-is-layout-constrained\">\n<h2 class=\"wp-block-heading has-text-align-center\">How Operations Typically Break Down<\/h2>\n\n\n\n<p class=\"has-text-align-center\">In franchise and retail environments, performance gaps often appear as inconsistencies across locations.<\/p>\n\n\n\n<p class=\"has-text-align-center\">These may include:<\/p>\n\n\n\n<p class=\"has-text-align-center\">\u2022 Variations in how processes are executed<br>\u2022 Lack of visibility into store-level performance<br>\u2022 Delays in communication between teams and locations<br>\u2022 Inconsistent maintenance of facilities and environments<br>\u2022 Missed opportunities to capture and implement frontline insights<\/p>\n\n\n\n<p class=\"has-text-align-center\">Over time, these inconsistencies impact both operational performance and customer experience.<\/p>\n<\/div>\n\n\n\n<div class=\"wp-block-group has-white-color has-ast-global-color-8-background-color has-text-color has-background has-link-color wp-elements-e6f80480e1541685f133425d9afe7ba1 is-layout-constrained wp-container-core-group-is-layout-f36bc466 wp-block-group-is-layout-constrained\">\n<h2 class=\"wp-block-heading has-text-align-center has-white-color has-text-color has-link-color wp-elements-237a2c7d3262660e81efea66a0dce6d0\">Where Maintenir Helps<\/h2>\n\n\n\n<p class=\"has-text-align-center\">Maintenir helps franchise and retail organizations improve how their operations function by aligning visibility, workflows, and execution across locations.<\/p>\n\n\n\n<p class=\"has-text-align-center\">Il s'agit notamment de<\/p>\n\n\n\n<p class=\"has-text-align-center\">\u2022 Improving visibility into performance across stores and locations<br>\u2022 Standardizing workflows and operational processes<br>\u2022 Strengthening coordination between head office and site teams<br>\u2022 Improving management of facilities and environments<br>\u2022 Enabling frontline teams to contribute to continuous improvement<\/p>\n\n\n\n<p class=\"has-text-align-center\">The goal is to create operations that are consistent, scalable, and easier to manage.<\/p>\n<\/div>\n\n\n\n<div class=\"wp-block-group is-layout-constrained wp-container-core-group-is-layout-f36bc466 wp-block-group-is-layout-constrained\">\n<h2 class=\"wp-block-heading has-text-align-center\">Relevant Capabilities<\/h2>\n\n\n\n<p class=\"has-text-align-center\"><strong><strong>Maintenir supports franchise and retail operations through the following capabilities:<\/strong><\/strong><\/p>\n\n\n\n<p class=\"has-text-align-center has-medium-font-size\"><strong>Intelligence op\u00e9rationnelle<\/strong><\/p>\n\n\n\n<p class=\"has-text-align-center\">Provides visibility into performance across locations, helping organizations understand how operations are performing and where improvements are needed.<\/p>\n\n\n\n<hr class=\"wp-block-separator has-alpha-channel-opacity\"\/>\n\n\n\n<p class=\"has-text-align-center has-medium-font-size\"><strong>Automatisation des processus et des flux de travail<\/strong><\/p>\n\n\n\n<p class=\"has-text-align-center\">Structures and standardizes workflows across locations, ensuring consistent execution and coordination between teams.<\/p>\n\n\n\n<hr class=\"wp-block-separator has-alpha-channel-opacity\"\/>\n\n\n\n<p class=\"has-text-align-center has-medium-font-size\"><strong>Op\u00e9rations sur les actifs et les installations<\/strong><\/p>\n\n\n\n<p class=\"has-text-align-center\">Supports the management of facilities, equipment, and environments across sites, improving reliability and consistency.<\/p>\n\n\n\n<hr class=\"wp-block-separator has-alpha-channel-opacity\"\/>\n\n\n\n<p class=\"has-text-align-center has-medium-font-size\"><strong>Gestion des id\u00e9es et de l'innovation<\/strong><\/p>\n\n\n\n<p class=\"has-text-align-center\">Enables organizations to capture ideas and feedback from frontline teams, test initiatives, and scale improvements across locations.<\/p>\n\n\n\n<hr class=\"wp-block-separator has-alpha-channel-opacity\"\/>\n<\/div>\n\n\n\n<div class=\"wp-block-group has-white-color has-ast-global-color-8-background-color has-text-color has-background has-link-color wp-elements-b548e77bc03509dd099742602d9650aa is-layout-constrained wp-container-core-group-is-layout-f36bc466 wp-block-group-is-layout-constrained\">\n<h2 class=\"wp-block-heading has-text-align-center has-white-color has-text-color has-link-color wp-elements-c3ed3f94cb8a028ec02ecb669c1bfef8\">Operational Outcomes<\/h2>\n\n\n\n<p class=\"has-text-align-center\">Franchise and retail organizations working with Maintenir typically aim to improve:<\/p>\n\n\n\n<p class=\"has-text-align-center\">\u2022 Consistency across locations<br>\u2022 Visibility into store-level performance<br>\u2022 Coordination between head office and site teams<br>\u2022 Management of facilities and environments<br>\u2022 Employee engagement and participation<br>\u2022 Ability to scale improvements across the network<\/p>\n<\/div>\n\n\n\n<div class=\"wp-block-group is-layout-constrained wp-container-core-group-is-layout-f36bc466 wp-block-group-is-layout-constrained\">\n<h2 class=\"wp-block-heading has-text-align-center\">How This Connects Across Operations<\/h2>\n\n\n\n<p class=\"has-text-align-center\">Franchise and retail performance depends on alignment across multiple layers.<\/p>\n\n\n\n<p class=\"has-text-align-center\">Maintenir connects:<\/p>\n\n\n\n<p class=\"has-text-align-center\">\u2022 Visibility into operations across locations<br>\u2022 Workflows and standards (how work is performed)<br>\u2022 Facilities and environments (where work happens)<br>\u2022 Continuous improvement (how performance evolves)<\/p>\n\n\n\n<p class=\"has-text-align-center\">This creates a more consistent and scalable operating model.<\/p>\n<\/div>\n\n\n\n<div class=\"wp-block-group has-white-color has-ast-global-color-8-background-color has-text-color has-background has-link-color wp-elements-687474727da61c6826bb335fd5e3c147 is-layout-constrained wp-container-core-group-is-layout-f36bc466 wp-block-group-is-layout-constrained\">\n<h2 class=\"wp-block-heading has-text-align-center has-white-color has-text-color has-link-color wp-elements-9e6b5aea1499d6e1bce73487ec6eb8a8\">Quand explorer davantage<\/h2>\n\n\n\n<p class=\"has-text-align-center\">Cette approche est particuli\u00e8rement pertinente lorsque :<\/p>\n\n\n\n<p class=\"has-text-align-center\">\u2022 Operations vary significantly between locations<br>\u2022 Visibilit\u00e9 limit\u00e9e sur les performances<br>\u2022 Processes are difficult to standardize<br>\u2022 Coordination between head office and sites is inconsistent<br>\u2022 Improvements are difficult to scale across the network<\/p>\n<\/div>\n\n\n\n<hr class=\"wp-block-separator has-alpha-channel-opacity\"\/>\n\n\n\n<p class=\"has-text-align-center has-medium-font-size\">Every franchise and retail organization operates differently. \ud83d\udc49 <a href=\"https:\/\/maintenir.ca\/fr\/contact\/\" title=\"Contact\">Explorez comment cela s'applique \u00e0 vos op\u00e9rations.<\/a><\/p>\n\n\n\n<div class=\"wp-block-uagb-container uagb-block-18b3bf3f alignfull uagb-is-root-container\"><div class=\"uagb-container-inner-blocks-wrap\"><\/div><\/div>\n\n\n\n<div class=\"wp-block-cover footercta\" style=\"min-height:50px;aspect-ratio:unset;\"><span aria-hidden=\"true\" class=\"wp-block-cover__background has-ast-global-color-0-background-color has-background-dim-100 has-background-dim\"><\/span><div class=\"wp-block-cover__inner-container is-layout-flow wp-block-cover-is-layout-flow\">\n<div class=\"wp-block-group is-content-justification-center is-nowrap is-layout-flex wp-container-core-group-is-layout-23441af8 wp-block-group-is-layout-flex\">\n<h4 class=\"wp-block-heading has-text-align-center has-ast-global-color-5-color has-text-color has-link-color wp-elements-554dc6622a34f09ef76a5cd569b47705\">Ne perdez plus d'argent \u00e0 cause des temps d'arr\u00eat. <a href=\"\/fr\/assessment\/\">Pr\u00eat ?<\/a><\/h4>\n<\/div>\n<\/div><\/div>\n\n\n\n<p><\/p>","protected":false},"excerpt":{"rendered":"<p>Franchise &amp; Retail Overview Franchise and retail organizations operate across multiple locations where consistency, coordination, and execution are critical to [&hellip;]<\/p>\n","protected":false},"author":7,"featured_media":0,"parent":0,"menu_order":0,"comment_status":"closed","ping_status":"closed","template":"","meta":{"om_disable_all_campaigns":false,"inline_featured_image":false,"_uag_custom_page_level_css":"","_monsterinsights_skip_tracking":false,"_monsterinsights_sitenote_active":false,"_monsterinsights_sitenote_note":"","_monsterinsights_sitenote_category":0,"site-sidebar-layout":"default","site-content-layout":"","ast-site-content-layout":"full-width-container","site-content-style":"unboxed","site-sidebar-style":"boxed","ast-global-header-display":"","ast-banner-title-visibility":"disabled","ast-main-header-display":"","ast-hfb-above-header-display":"","ast-hfb-below-header-display":"","ast-hfb-mobile-header-display":"","site-post-title":"disabled","ast-breadcrumbs-content":"","ast-featured-img":"","footer-sml-layout":"","ast-disable-related-posts":"","theme-transparent-header-meta":"enabled","adv-header-id-meta":"","stick-header-meta":"","header-above-stick-meta":"","header-main-stick-meta":"","header-below-stick-meta":"","astra-migrate-meta-layouts":"","ast-page-background-enabled":"default","ast-page-background-meta":{"desktop":{"background-color":"var(--ast-global-color-4)","background-image":"","background-repeat":"repeat","background-position":"center center","background-size":"auto","background-attachment":"scroll","background-type":"","background-media":"","overlay-type":"","overlay-color":"","overlay-opacity":"","overlay-gradient":""},"tablet":{"background-color":"","background-image":"","background-repeat":"repeat","background-position":"center center","background-size":"auto","background-attachment":"scroll","background-type":"","background-media":"","overlay-type":"","overlay-color":"","overlay-opacity":"","overlay-gradient":""},"mobile":{"background-color":"","background-image":"","background-repeat":"repeat","background-position":"center center","background-size":"auto","background-attachment":"scroll","background-type":"","background-media":"","overlay-type":"","overlay-color":"","overlay-opacity":"","overlay-gradient":""}},"ast-content-background-meta":{"desktop":{"background-color":"var(--ast-global-color-5)","background-image":"","background-repeat":"repeat","background-position":"center center","background-size":"auto","background-attachment":"scroll","background-type":"","background-media":"","overlay-type":"","overlay-color":"","overlay-opacity":"","overlay-gradient":""},"tablet":{"background-color":"var(--ast-global-color-5)","background-image":"","background-repeat":"repeat","background-position":"center center","background-size":"auto","background-attachment":"scroll","background-type":"","background-media":"","overlay-type":"","overlay-color":"","overlay-opacity":"","overlay-gradient":""},"mobile":{"background-color":"var(--ast-global-color-5)","background-image":"","background-repeat":"repeat","background-position":"center center","background-size":"auto","background-attachment":"scroll","background-type":"","background-media":"","overlay-type":"","overlay-color":"","overlay-opacity":"","overlay-gradient":""}},"footnotes":""},"class_list":["post-2288","page","type-page","status-publish","hentry"],"aioseo_notices":[],"uagb_featured_image_src":{"full":false,"thumbnail":false,"medium":false,"medium_large":false,"large":false,"1536x1536":false,"2048x2048":false,"trp-custom-language-flag":false},"uagb_author_info":{"display_name":"David Maillard","author_link":"https:\/\/maintenir.ca\/fr\/author\/prurxtyadc5e\/"},"uagb_comment_info":0,"uagb_excerpt":"Franchise &amp; Retail Overview Franchise and retail organizations operate across multiple locations where consistency, coordination, and execution are critical to [&hellip;]","_links":{"self":[{"href":"https:\/\/maintenir.ca\/fr\/wp-json\/wp\/v2\/pages\/2288","targetHints":{"allow":["GET"]}}],"collection":[{"href":"https:\/\/maintenir.ca\/fr\/wp-json\/wp\/v2\/pages"}],"about":[{"href":"https:\/\/maintenir.ca\/fr\/wp-json\/wp\/v2\/types\/page"}],"author":[{"embeddable":true,"href":"https:\/\/maintenir.ca\/fr\/wp-json\/wp\/v2\/users\/7"}],"replies":[{"embeddable":true,"href":"https:\/\/maintenir.ca\/fr\/wp-json\/wp\/v2\/comments?post=2288"}],"version-history":[{"count":1,"href":"https:\/\/maintenir.ca\/fr\/wp-json\/wp\/v2\/pages\/2288\/revisions"}],"predecessor-version":[{"id":2289,"href":"https:\/\/maintenir.ca\/fr\/wp-json\/wp\/v2\/pages\/2288\/revisions\/2289"}],"wp:attachment":[{"href":"https:\/\/maintenir.ca\/fr\/wp-json\/wp\/v2\/media?parent=2288"}],"curies":[{"name":"wp","href":"https:\/\/api.w.org\/{rel}","templated":true}]}}