{"id":2297,"date":"2026-04-16T12:55:48","date_gmt":"2026-04-16T12:55:48","guid":{"rendered":"https:\/\/maintenir.ca\/?page_id=2297"},"modified":"2026-04-18T00:06:25","modified_gmt":"2026-04-18T00:06:25","slug":"food-beverage-industry","status":"publish","type":"page","link":"https:\/\/maintenir.ca\/fr\/food-beverage-industry\/","title":{"rendered":"FOOD &amp; BEVERAGE \u2014 INDUSTRY"},"content":{"rendered":"<div class=\"wp-block-uagb-container uagb-block-81450f7d alignfull uagb-is-root-container\"><div class=\"uagb-container-inner-blocks-wrap\">\n<h2 class=\"wp-block-heading alignfull has-text-align-center has-white-color has-text-color has-link-color wp-elements-e259be3a37b0a9b948f0e8fc87b883a4\" style=\"font-size:62px\">Aliments et boissons<\/h2>\n<\/div><\/div>\n\n\n\n<div class=\"wp-block-group has-black-color has-ast-global-color-5-background-color has-text-color has-background has-link-color wp-elements-bba72428d215218b5dd024469c566e5b is-layout-constrained wp-container-core-group-is-layout-f36bc466 wp-block-group-is-layout-constrained\">\n<h2 class=\"wp-block-heading has-text-align-center has-black-color has-text-color has-link-color wp-elements-d8205a8a50ba06e8bd24e14922735309\">Aper\u00e7u<\/h2>\n\n\n\n<p class=\"has-text-align-center\">Les op\u00e9rations dans le domaine de l'alimentation et des boissons d\u00e9pendent de la constance, de la coordination et de la fiabilit\u00e9 dans la production, les installations et la distribution.<\/p>\n\n\n\n<p class=\"has-text-align-center\">Whether operating a single site or multiple locations, organizations must maintain consistent processes, manage equipment and environments, and ensure that products are delivered efficiently and reliably. <\/p>\n\n\n\n<p class=\"has-text-align-center\">Small variations in execution, equipment performance, or coordination can quickly impact quality, output, and overall operational performance.<\/p>\n<\/div>\n\n\n\n<div class=\"wp-block-group has-white-color has-ast-global-color-8-background-color has-text-color has-background has-link-color wp-elements-f027579862a438a7ca672716b2095e8a is-layout-constrained wp-container-core-group-is-layout-f36bc466 wp-block-group-is-layout-constrained\">\n<h2 class=\"wp-block-heading has-text-align-center has-white-color has-text-color has-link-color wp-elements-dd97f27a2ca1112b1154f8b1d60b5b7a\">Le d\u00e9fi<\/h2>\n\n\n\n<p class=\"has-text-align-center\">Food and beverage operations must balance efficiency, consistency, and control across multiple operational layers.<\/p>\n\n\n\n<p class=\"has-text-align-center\">Organizations often face challenges such as:<\/p>\n\n\n\n<p class=\"has-text-align-center\">\u2022 Maintaining consistent production and quality standards<br>\u2022 Managing equipment performance and maintenance<br>\u2022 Coordinating workflows across teams and shifts<br>\u2022 Limited visibility into operational performance<br>\u2022 Inefficiencies across multi-site or distributed operations<br>\u2022 Difficulty scaling improvements across locations<\/p>\n\n\n\n<p class=\"has-text-align-center\">These challenges make it difficult to maintain consistency while improving performance.<\/p>\n<\/div>\n\n\n\n<div class=\"wp-block-group is-layout-constrained wp-container-core-group-is-layout-f36bc466 wp-block-group-is-layout-constrained\">\n<h2 class=\"wp-block-heading has-text-align-center\">How Operations Typically Break Down<\/h2>\n\n\n\n<p class=\"has-text-align-center\">In food and beverage environments, issues often emerge through small inconsistencies rather than major failures.<\/p>\n\n\n\n<p class=\"has-text-align-center\">These may include:<\/p>\n\n\n\n<p class=\"has-text-align-center\">\u2022 Variations in how processes are executed<br>\u2022 Delays between production steps or handoffs<br>\u2022 Equipment issues impacting output or quality<br>\u2022 Inconsistent maintenance practices<br>\u2022 Limited coordination between teams and shifts<br>\u2022 Lack of visibility into performance across sites<\/p>\n\n\n\n<p class=\"has-text-align-center\">Over time, these inconsistencies impact efficiency, quality, and overall performance.<\/p>\n<\/div>\n\n\n\n<div class=\"wp-block-group has-white-color has-ast-global-color-8-background-color has-text-color has-background has-link-color wp-elements-83f88341ef9925c01a71026dd92d3cb5 is-layout-constrained wp-container-core-group-is-layout-f36bc466 wp-block-group-is-layout-constrained\">\n<h2 class=\"wp-block-heading has-text-align-center has-white-color has-text-color has-link-color wp-elements-237a2c7d3262660e81efea66a0dce6d0\">Where Maintenir Helps<\/h2>\n\n\n\n<p class=\"has-text-align-center\">Maintenir helps food and beverage organizations improve how their operations function by aligning visibility, workflows, and asset performance.<\/p>\n\n\n\n<p class=\"has-text-align-center\">Il s'agit notamment de<\/p>\n\n\n\n<p class=\"has-text-align-center\">\u2022 Improving visibility into operational performance and output<br>\u2022 Structuring workflows across production and support teams<br>\u2022 Strengthening management of equipment and facilities<br>\u2022 Improving coordination across shifts and locations<br>\u2022 Enabling continuous improvement across the organization<\/p>\n\n\n\n<p class=\"has-text-align-center\">The goal is to create operations that are consistent, reliable, and scalable.<\/p>\n<\/div>\n\n\n\n<div class=\"wp-block-group has-black-color has-white-background-color has-text-color has-background has-link-color wp-elements-feab936b7519e52baaffbab15777814e is-layout-constrained wp-container-core-group-is-layout-f36bc466 wp-block-group-is-layout-constrained\">\n<h2 class=\"wp-block-heading has-text-align-center has-black-color has-text-color has-link-color wp-elements-8580844bee1593d96fd46d15aab63727\">Relevant Capabilities<\/h2>\n\n\n\n<p class=\"has-text-align-center\"><strong><strong><strong><strong>Maintenir supports food and beverage operations through the following capabilities:<\/strong><\/strong><\/strong><\/strong><\/p>\n\n\n\n<p class=\"has-text-align-center has-medium-font-size\"><strong>Intelligence op\u00e9rationnelle<\/strong><\/p>\n\n\n\n<p class=\"has-text-align-center\">Provides visibility into production performance, execution, and operational gaps, helping organizations understand where improvements are needed.<\/p>\n\n\n\n<hr class=\"wp-block-separator has-alpha-channel-opacity\"\/>\n\n\n\n<p class=\"has-text-align-center has-medium-font-size\"><strong>Automatisation des processus et des flux de travail<\/strong><\/p>\n\n\n\n<p class=\"has-text-align-center\">Structures and connects workflows across teams and systems, improving coordination and consistency in production and operations.<\/p>\n\n\n\n<hr class=\"wp-block-separator has-alpha-channel-opacity\"\/>\n\n\n\n<p class=\"has-text-align-center has-medium-font-size\"><strong>Op\u00e9rations sur les actifs et les installations<\/strong><\/p>\n\n\n\n<p class=\"has-text-align-center\">Ensures equipment and facilities are maintained and managed in a structured, reliable way to support consistent output and reduce downtime.<\/p>\n\n\n\n<hr class=\"wp-block-separator has-alpha-channel-opacity\"\/>\n\n\n\n<p class=\"has-text-align-center has-medium-font-size\"><strong><strong>Gestion des id\u00e9es et de l'innovation<\/strong><\/strong><\/p>\n\n\n\n<p class=\"has-text-align-center\">Enables organizations to capture improvement ideas, test initiatives, and scale successful practices across locations.<\/p>\n<\/div>\n\n\n\n<div class=\"wp-block-group has-white-color has-ast-global-color-8-background-color has-text-color has-background has-link-color wp-elements-30bd9c24b29b5ed12275b1aac860f3d3 is-layout-constrained wp-container-core-group-is-layout-f36bc466 wp-block-group-is-layout-constrained\">\n<h2 class=\"wp-block-heading has-text-align-center has-white-color has-text-color has-link-color wp-elements-c3ed3f94cb8a028ec02ecb669c1bfef8\">Operational Outcomes<\/h2>\n\n\n\n<p class=\"has-text-align-center\">Food and beverage organizations working with Maintenir typically aim to improve:<\/p>\n\n\n\n<p class=\"has-text-align-center\">\u2022 Consistency in production and processes<br>\u2022 Equipment reliability and uptime<br>\u2022 Coordination across teams and shifts<br>\u2022 Visibility into operational performance<br>\u2022 Efficiency across locations and operations<br>\u2022 Ability to scale improvements across the organization<\/p>\n<\/div>\n\n\n\n<div class=\"wp-block-group has-black-color has-ast-global-color-5-background-color has-text-color has-background has-link-color wp-elements-ffa2b6fa120393355be401fa6c796da6 is-layout-constrained wp-container-core-group-is-layout-f36bc466 wp-block-group-is-layout-constrained\">\n<h2 class=\"wp-block-heading has-text-align-center\">How This Connects Across Operations<\/h2>\n\n\n\n<p class=\"has-text-align-center\">Food and beverage performance depends on multiple layers working together.<\/p>\n\n\n\n<p class=\"has-text-align-center\">Maintenir connects:<\/p>\n\n\n\n<p class=\"has-text-align-center\">\u2022 Visibility into production and operations<br>\u2022 Workflows and coordination across teams<br>\u2022 Assets and facilities (what supports production)<br>\u2022 Continuous improvement (how performance evolves)<\/p>\n\n\n\n<p class=\"has-text-align-center\">This creates a more consistent and controlled operating environment.<\/p>\n<\/div>\n\n\n\n<div class=\"wp-block-group has-white-color has-ast-global-color-8-background-color has-text-color has-background has-link-color wp-elements-b0d851ef411b9fdbdeecc2a15fc4f442 is-layout-constrained wp-container-core-group-is-layout-f36bc466 wp-block-group-is-layout-constrained\">\n<h2 class=\"wp-block-heading has-text-align-center has-white-color has-text-color has-link-color wp-elements-9e6b5aea1499d6e1bce73487ec6eb8a8\">Quand explorer davantage<\/h2>\n\n\n\n<p class=\"has-text-align-center\">Cette approche est particuli\u00e8rement pertinente lorsque :<\/p>\n\n\n\n<p class=\"has-text-align-center\">\u2022 Production consistency is difficult to maintain<br>\u2022 Equipment issues impact output or quality<br>\u2022 Coordination across teams or shifts is inconsistent<br>\u2022 Visibilit\u00e9 limit\u00e9e sur les performances<br>\u2022 Improvements are difficult to scale across locations<\/p>\n<\/div>\n\n\n\n<hr class=\"wp-block-separator has-alpha-channel-opacity\"\/>\n\n\n\n<p class=\"has-text-align-center has-medium-font-size\">Every food and beverage operation is different. \ud83d\udc49 <a href=\"https:\/\/maintenir.ca\/fr\/contact\/\" title=\"Contact\">Explorez comment cela s'applique \u00e0 vos op\u00e9rations.<\/a><\/p>\n\n\n\n<div class=\"wp-block-uagb-container uagb-block-18b3bf3f alignfull uagb-is-root-container\"><div class=\"uagb-container-inner-blocks-wrap\"><\/div><\/div>\n\n\n\n<div class=\"wp-block-cover footercta\" style=\"min-height:50px;aspect-ratio:unset;\"><span aria-hidden=\"true\" class=\"wp-block-cover__background has-ast-global-color-0-background-color has-background-dim-100 has-background-dim\"><\/span><div class=\"wp-block-cover__inner-container is-layout-flow wp-block-cover-is-layout-flow\">\n<div class=\"wp-block-group is-content-justification-center is-nowrap is-layout-flex wp-container-core-group-is-layout-23441af8 wp-block-group-is-layout-flex\">\n<h4 class=\"wp-block-heading has-text-align-center has-ast-global-color-5-color has-text-color has-link-color wp-elements-554dc6622a34f09ef76a5cd569b47705\">Ne perdez plus d'argent \u00e0 cause des temps d'arr\u00eat. <a href=\"\/fr\/assessment\/\">Pr\u00eat ?<\/a><\/h4>\n<\/div>\n<\/div><\/div>\n\n\n\n<p><\/p>","protected":false},"excerpt":{"rendered":"<p>Food &amp; Beverage Overview Food and beverage operations depend on consistency, coordination, and reliability across production, facilities, and distribution. Whether [&hellip;]<\/p>\n","protected":false},"author":7,"featured_media":0,"parent":0,"menu_order":0,"comment_status":"closed","ping_status":"closed","template":"","meta":{"om_disable_all_campaigns":false,"inline_featured_image":false,"_uag_custom_page_level_css":"","_monsterinsights_skip_tracking":false,"_monsterinsights_sitenote_active":false,"_monsterinsights_sitenote_note":"","_monsterinsights_sitenote_category":0,"site-sidebar-layout":"default","site-content-layout":"","ast-site-content-layout":"full-width-container","site-content-style":"unboxed","site-sidebar-style":"boxed","ast-global-header-display":"","ast-banner-title-visibility":"disabled","ast-main-header-display":"","ast-hfb-above-header-display":"","ast-hfb-below-header-display":"","ast-hfb-mobile-header-display":"","site-post-title":"disabled","ast-breadcrumbs-content":"","ast-featured-img":"","footer-sml-layout":"","ast-disable-related-posts":"","theme-transparent-header-meta":"enabled","adv-header-id-meta":"","stick-header-meta":"","header-above-stick-meta":"","header-main-stick-meta":"","header-below-stick-meta":"","astra-migrate-meta-layouts":"","ast-page-background-enabled":"default","ast-page-background-meta":{"desktop":{"background-color":"var(--ast-global-color-4)","background-image":"","background-repeat":"repeat","background-position":"center center","background-size":"auto","background-attachment":"scroll","background-type":"","background-media":"","overlay-type":"","overlay-color":"","overlay-opacity":"","overlay-gradient":""},"tablet":{"background-color":"","background-image":"","background-repeat":"repeat","background-position":"center center","background-size":"auto","background-attachment":"scroll","background-type":"","background-media":"","overlay-type":"","overlay-color":"","overlay-opacity":"","overlay-gradient":""},"mobile":{"background-color":"","background-image":"","background-repeat":"repeat","background-position":"center center","background-size":"auto","background-attachment":"scroll","background-type":"","background-media":"","overlay-type":"","overlay-color":"","overlay-opacity":"","overlay-gradient":""}},"ast-content-background-meta":{"desktop":{"background-color":"var(--ast-global-color-5)","background-image":"","background-repeat":"repeat","background-position":"center center","background-size":"auto","background-attachment":"scroll","background-type":"","background-media":"","overlay-type":"","overlay-color":"","overlay-opacity":"","overlay-gradient":""},"tablet":{"background-color":"var(--ast-global-color-5)","background-image":"","background-repeat":"repeat","background-position":"center center","background-size":"auto","background-attachment":"scroll","background-type":"","background-media":"","overlay-type":"","overlay-color":"","overlay-opacity":"","overlay-gradient":""},"mobile":{"background-color":"var(--ast-global-color-5)","background-image":"","background-repeat":"repeat","background-position":"center center","background-size":"auto","background-attachment":"scroll","background-type":"","background-media":"","overlay-type":"","overlay-color":"","overlay-opacity":"","overlay-gradient":""}},"footnotes":""},"class_list":["post-2297","page","type-page","status-publish","hentry"],"aioseo_notices":[],"uagb_featured_image_src":{"full":false,"thumbnail":false,"medium":false,"medium_large":false,"large":false,"1536x1536":false,"2048x2048":false,"trp-custom-language-flag":false},"uagb_author_info":{"display_name":"David Maillard","author_link":"https:\/\/maintenir.ca\/fr\/author\/prurxtyadc5e\/"},"uagb_comment_info":0,"uagb_excerpt":"Food &amp; Beverage Overview Food and beverage operations depend on consistency, coordination, and reliability across production, facilities, and distribution. Whether [&hellip;]","_links":{"self":[{"href":"https:\/\/maintenir.ca\/fr\/wp-json\/wp\/v2\/pages\/2297","targetHints":{"allow":["GET"]}}],"collection":[{"href":"https:\/\/maintenir.ca\/fr\/wp-json\/wp\/v2\/pages"}],"about":[{"href":"https:\/\/maintenir.ca\/fr\/wp-json\/wp\/v2\/types\/page"}],"author":[{"embeddable":true,"href":"https:\/\/maintenir.ca\/fr\/wp-json\/wp\/v2\/users\/7"}],"replies":[{"embeddable":true,"href":"https:\/\/maintenir.ca\/fr\/wp-json\/wp\/v2\/comments?post=2297"}],"version-history":[{"count":2,"href":"https:\/\/maintenir.ca\/fr\/wp-json\/wp\/v2\/pages\/2297\/revisions"}],"predecessor-version":[{"id":2308,"href":"https:\/\/maintenir.ca\/fr\/wp-json\/wp\/v2\/pages\/2297\/revisions\/2308"}],"wp:attachment":[{"href":"https:\/\/maintenir.ca\/fr\/wp-json\/wp\/v2\/media?parent=2297"}],"curies":[{"name":"wp","href":"https:\/\/api.w.org\/{rel}","templated":true}]}}