{"id":2299,"date":"2026-04-16T13:11:04","date_gmt":"2026-04-16T13:11:04","guid":{"rendered":"https:\/\/maintenir.ca\/?page_id=2299"},"modified":"2026-04-16T13:11:06","modified_gmt":"2026-04-16T13:11:06","slug":"distribution-industry-page","status":"publish","type":"page","link":"https:\/\/maintenir.ca\/fr\/distribution-industry-page\/","title":{"rendered":"DISTRIBUTION \u2014 INDUSTRY PAGE"},"content":{"rendered":"<div class=\"wp-block-uagb-container uagb-block-81450f7d alignfull uagb-is-root-container\"><div class=\"uagb-container-inner-blocks-wrap\">\n<h2 class=\"wp-block-heading alignfull has-text-align-center has-white-color has-text-color has-link-color wp-elements-bafe36e488e9effd9a68a5c22796d194\" style=\"font-size:62px\">Distribution<\/h2>\n<\/div><\/div>\n\n\n\n<div class=\"wp-block-group has-black-color has-ast-global-color-5-background-color has-text-color has-background has-link-color wp-elements-670c3680a0b9ffb0f37d60ef9c11c20d is-layout-constrained wp-container-core-group-is-layout-f36bc466 wp-block-group-is-layout-constrained\">\n<h2 class=\"wp-block-heading has-text-align-center has-black-color has-text-color has-link-color wp-elements-d8205a8a50ba06e8bd24e14922735309\">Aper\u00e7u<\/h2>\n\n\n\n<p class=\"has-text-align-center\">Les op\u00e9rations de distribution d\u00e9pendent de la vitesse, de la coordination et de la pr\u00e9cision des activit\u00e9s d'inventaire, de logistique et de main-d'\u0153uvre.<\/p>\n\n\n\n<p class=\"has-text-align-center\">Organizations must manage the movement of goods across facilities, warehouses, and delivery networks while ensuring that processes are efficient, reliable, and aligned. Even small delays or breakdowns in coordination can impact fulfillment, costs, and customer expectations.<\/p>\n\n\n\n<p class=\"has-text-align-center\">Distribution organizations that operate with clear visibility, structured workflows, and strong execution are better positioned to maintain performance and scale effectively.<\/p>\n<\/div>\n\n\n\n<div class=\"wp-block-group has-white-color has-ast-global-color-8-background-color has-text-color has-background has-link-color wp-elements-ad18a624a9a7ab0df1b25507945ca81a is-layout-constrained wp-container-core-group-is-layout-f36bc466 wp-block-group-is-layout-constrained\">\n<h2 class=\"wp-block-heading has-text-align-center has-white-color has-text-color has-link-color wp-elements-dd97f27a2ca1112b1154f8b1d60b5b7a\">Le d\u00e9fi<\/h2>\n\n\n\n<p class=\"has-text-align-center\">Distribution environments are dynamic and highly dependent on coordination across systems and teams.<\/p>\n\n\n\n<p class=\"has-text-align-center\">Organizations often face challenges such as:<\/p>\n\n\n\n<p class=\"has-text-align-center\">\u2022 Limited visibility into operational performance and flow<br>\u2022 Inefficiencies in workflows and coordination<br>\u2022 Delays in order processing, picking, and fulfillment<br>\u2022 Lack of alignment between warehouse and logistics operations<br>\u2022 Difficulty managing distributed teams and locations<br>\u2022 Inconsistent execution of processes across sites<\/p>\n\n\n\n<p class=\"has-text-align-center\">These challenges reduce efficiency, increase costs, and impact service levels.<\/p>\n<\/div>\n\n\n\n<div class=\"wp-block-group is-layout-constrained wp-container-core-group-is-layout-f36bc466 wp-block-group-is-layout-constrained\">\n<h2 class=\"wp-block-heading has-text-align-center\">How Operations Typically Break Down<\/h2>\n\n\n\n<p class=\"has-text-align-center\">In distribution operations, issues often appear as friction within the flow of work.<\/p>\n\n\n\n<p class=\"has-text-align-center\">Common breakdowns include:<\/p>\n\n\n\n<p class=\"has-text-align-center\">\u2022 Delays between operational steps (receiving, picking, packing, shipping)<br>\u2022 Misalignment between teams and functions<br>\u2022 Lack of visibility into workload and performance<br>\u2022 Inefficient coordination across locations<br>\u2022 Inconsistent execution of processes<br>\u2022 Limited ability to respond quickly to changes in demand<\/p>\n\n\n\n<p class=\"has-text-align-center\">Over time, these issues disrupt flow and impact both efficiency and customer satisfaction.<\/p>\n<\/div>\n\n\n\n<div class=\"wp-block-group has-white-color has-ast-global-color-8-background-color has-text-color has-background has-link-color wp-elements-d42a8916a134e369fc1b0c93eac2be9b is-layout-constrained wp-container-core-group-is-layout-f36bc466 wp-block-group-is-layout-constrained\">\n<h2 class=\"wp-block-heading has-text-align-center has-white-color has-text-color has-link-color wp-elements-237a2c7d3262660e81efea66a0dce6d0\">Where Maintenir Helps<\/h2>\n\n\n\n<p class=\"has-text-align-center\">Maintenir helps distribution organizations improve how their operations function by aligning visibility, workflows, and execution.<\/p>\n\n\n\n<p class=\"has-text-align-center\">Il s'agit notamment de<\/p>\n\n\n\n<p class=\"has-text-align-center\">\u2022 Improving visibility into operational flow and performance<br>\u2022 Structuring workflows across warehouse and logistics operations<br>\u2022 Strengthening coordination between teams and locations<br>\u2022 Improving execution consistency across sites<br>\u2022 Enabling more responsive and adaptable operations<\/p>\n\n\n\n<p class=\"has-text-align-center\">The goal is to create operations that are efficient, coordinated, and easier to manage.<\/p>\n<\/div>\n\n\n\n<div class=\"wp-block-group has-black-color has-white-background-color has-text-color has-background has-link-color wp-elements-762afdc1521f9f8869a886839767391c is-layout-constrained wp-container-core-group-is-layout-f36bc466 wp-block-group-is-layout-constrained\">\n<h2 class=\"wp-block-heading has-text-align-center has-black-color has-text-color has-link-color wp-elements-8580844bee1593d96fd46d15aab63727\">Relevant Capabilities<\/h2>\n\n\n\n<p class=\"has-text-align-center\"><strong><strong><strong><strong><strong>Maintenir supports distribution operations through the following capabilities:<\/strong><\/strong><\/strong><\/strong><\/strong><\/p>\n\n\n\n<p class=\"has-text-align-center has-medium-font-size\"><strong>Intelligence op\u00e9rationnelle<\/strong><\/p>\n\n\n\n<p class=\"has-text-align-center\">Provides visibility into operational performance and flow, helping organizations identify bottlenecks and improve decision-making.<\/p>\n\n\n\n<hr class=\"wp-block-separator has-alpha-channel-opacity\"\/>\n\n\n\n<p class=\"has-text-align-center has-medium-font-size\"><strong>Automatisation des processus et des flux de travail<\/strong><\/p>\n\n\n\n<p class=\"has-text-align-center\">Structures and connects workflows across systems and teams, improving coordination, speed, and consistency.<\/p>\n\n\n\n<hr class=\"wp-block-separator has-alpha-channel-opacity\"\/>\n\n\n\n<p class=\"has-text-align-center has-medium-font-size\"><strong><strong>Op\u00e9rations de terrain et de service<\/strong><\/strong><\/p>\n\n\n\n<p class=\"has-text-align-center\">Supports coordination of field-based activities such as deliveries, service teams, and distributed workforce operations.<\/p>\n<\/div>\n\n\n\n<div class=\"wp-block-group has-white-color has-ast-global-color-8-background-color has-text-color has-background has-link-color wp-elements-50e4881a85afceae3e30b86fd2a53581 is-layout-constrained wp-container-core-group-is-layout-f36bc466 wp-block-group-is-layout-constrained\">\n<h2 class=\"wp-block-heading has-text-align-center has-white-color has-text-color has-link-color wp-elements-c3ed3f94cb8a028ec02ecb669c1bfef8\">Operational Outcomes<\/h2>\n\n\n\n<p class=\"has-text-align-center\">Distribution organizations working with Maintenir typically aim to improve:<\/p>\n\n\n\n<p class=\"has-text-align-center\">\u2022 Speed and efficiency of operations<br>\u2022 Coordination across warehouse and logistics teams<br>\u2022 Visibility into performance and workflow execution<br>\u2022 Consistency across locations<br>\u2022 Responsiveness to changes in demand<br>\u2022 Overall service levels and fulfillment performance<\/p>\n<\/div>\n\n\n\n<div class=\"wp-block-group has-black-color has-ast-global-color-5-background-color has-text-color has-background has-link-color wp-elements-6b363c7eeb5a2baa76ec2a9ee8891ea7 is-layout-constrained wp-container-core-group-is-layout-f36bc466 wp-block-group-is-layout-constrained\">\n<h2 class=\"wp-block-heading has-text-align-center\">How This Connects Across Operations<\/h2>\n\n\n\n<p class=\"has-text-align-center\">Distribution performance depends on multiple layers working together.<\/p>\n\n\n\n<p class=\"has-text-align-center\">Maintenir connects:<\/p>\n\n\n\n<p class=\"has-text-align-center\">\u2022 Visibility into operations and flow<br>\u2022 Workflows that define how work moves through the system<br>\u2022F ield and logistics execution<br>\u2022 Coordination across teams and locations <\/p>\n\n\n\n<p class=\"has-text-align-center\">This creates a more efficient and controlled Operational flow.<\/p>\n<\/div>\n\n\n\n<div class=\"wp-block-group has-white-color has-ast-global-color-8-background-color has-text-color has-background has-link-color wp-elements-548b0a301ab35455e02923ca1390e4fa is-layout-constrained wp-container-core-group-is-layout-f36bc466 wp-block-group-is-layout-constrained\">\n<h2 class=\"wp-block-heading has-text-align-center has-white-color has-text-color has-link-color wp-elements-9e6b5aea1499d6e1bce73487ec6eb8a8\">Quand explorer davantage<\/h2>\n\n\n\n<p class=\"has-text-align-center\">Cette approche est particuli\u00e8rement pertinente lorsque :<\/p>\n\n\n\n<p class=\"has-text-align-center\">\u2022 Le flux op\u00e9rationnel est inefficace ou incoh\u00e9rent<br>\u2022 Des retards surviennent entre les \u00e9tapes cl\u00e9s du processus<br>\u2022 Visibilit\u00e9 limit\u00e9e sur les performances<br>\u2022 La coordination entre les \u00e9quipes ou les sites est difficile<br>\u2022 Les niveaux de service ou la performance de satisfaction sont impact\u00e9s<\/p>\n<\/div>\n\n\n\n<hr class=\"wp-block-separator has-alpha-channel-opacity\"\/>\n\n\n\n<p class=\"has-text-align-center has-medium-font-size\">Chaque op\u00e9ration de distribution est diff\u00e9rente. \ud83d\udc49 <a href=\"https:\/\/maintenir.ca\/fr\/contact\/\" title=\"Contact\">Explorez comment cela s'applique \u00e0 vos op\u00e9rations.<\/a><\/p>\n\n\n\n<div class=\"wp-block-uagb-container uagb-block-18b3bf3f alignfull uagb-is-root-container\"><div class=\"uagb-container-inner-blocks-wrap\"><\/div><\/div>\n\n\n\n<div class=\"wp-block-cover footercta\" style=\"min-height:50px;aspect-ratio:unset;\"><span aria-hidden=\"true\" class=\"wp-block-cover__background has-ast-global-color-0-background-color has-background-dim-100 has-background-dim\"><\/span><div class=\"wp-block-cover__inner-container is-layout-flow wp-block-cover-is-layout-flow\">\n<div class=\"wp-block-group is-content-justification-center is-nowrap is-layout-flex wp-container-core-group-is-layout-23441af8 wp-block-group-is-layout-flex\">\n<h4 class=\"wp-block-heading has-text-align-center has-ast-global-color-5-color has-text-color has-link-color wp-elements-554dc6622a34f09ef76a5cd569b47705\">Ne perdez plus d'argent \u00e0 cause des temps d'arr\u00eat. <a href=\"\/fr\/assessment\/\">Pr\u00eat ?<\/a><\/h4>\n<\/div>\n<\/div><\/div>\n\n\n\n<p><\/p>","protected":false},"excerpt":{"rendered":"<p>Distribution Overview Distribution operations depend on speed, coordination, and accuracy across inventory, logistics, and workforce activities. Organizations must manage the [&hellip;]<\/p>\n","protected":false},"author":7,"featured_media":0,"parent":0,"menu_order":0,"comment_status":"closed","ping_status":"closed","template":"","meta":{"om_disable_all_campaigns":false,"inline_featured_image":false,"_uag_custom_page_level_css":"","_monsterinsights_skip_tracking":false,"_monsterinsights_sitenote_active":false,"_monsterinsights_sitenote_note":"","_monsterinsights_sitenote_category":0,"site-sidebar-layout":"default","site-content-layout":"","ast-site-content-layout":"full-width-container","site-content-style":"unboxed","site-sidebar-style":"boxed","ast-global-header-display":"","ast-banner-title-visibility":"disabled","ast-main-header-display":"","ast-hfb-above-header-display":"","ast-hfb-below-header-display":"","ast-hfb-mobile-header-display":"","site-post-title":"disabled","ast-breadcrumbs-content":"","ast-featured-img":"","footer-sml-layout":"","ast-disable-related-posts":"","theme-transparent-header-meta":"enabled","adv-header-id-meta":"","stick-header-meta":"","header-above-stick-meta":"","header-main-stick-meta":"","header-below-stick-meta":"","astra-migrate-meta-layouts":"","ast-page-background-enabled":"default","ast-page-background-meta":{"desktop":{"background-color":"var(--ast-global-color-4)","background-image":"","background-repeat":"repeat","background-position":"center center","background-size":"auto","background-attachment":"scroll","background-type":"","background-media":"","overlay-type":"","overlay-color":"","overlay-opacity":"","overlay-gradient":""},"tablet":{"background-color":"","background-image":"","background-repeat":"repeat","background-position":"center center","background-size":"auto","background-attachment":"scroll","background-type":"","background-media":"","overlay-type":"","overlay-color":"","overlay-opacity":"","overlay-gradient":""},"mobile":{"background-color":"","background-image":"","background-repeat":"repeat","background-position":"center center","background-size":"auto","background-attachment":"scroll","background-type":"","background-media":"","overlay-type":"","overlay-color":"","overlay-opacity":"","overlay-gradient":""}},"ast-content-background-meta":{"desktop":{"background-color":"var(--ast-global-color-5)","background-image":"","background-repeat":"repeat","background-position":"center center","background-size":"auto","background-attachment":"scroll","background-type":"","background-media":"","overlay-type":"","overlay-color":"","overlay-opacity":"","overlay-gradient":""},"tablet":{"background-color":"var(--ast-global-color-5)","background-image":"","background-repeat":"repeat","background-position":"center center","background-size":"auto","background-attachment":"scroll","background-type":"","background-media":"","overlay-type":"","overlay-color":"","overlay-opacity":"","overlay-gradient":""},"mobile":{"background-color":"var(--ast-global-color-5)","background-image":"","background-repeat":"repeat","background-position":"center center","background-size":"auto","background-attachment":"scroll","background-type":"","background-media":"","overlay-type":"","overlay-color":"","overlay-opacity":"","overlay-gradient":""}},"footnotes":""},"class_list":["post-2299","page","type-page","status-publish","hentry"],"aioseo_notices":[],"uagb_featured_image_src":{"full":false,"thumbnail":false,"medium":false,"medium_large":false,"large":false,"1536x1536":false,"2048x2048":false,"trp-custom-language-flag":false},"uagb_author_info":{"display_name":"David Maillard","author_link":"https:\/\/maintenir.ca\/fr\/author\/prurxtyadc5e\/"},"uagb_comment_info":0,"uagb_excerpt":"Distribution Overview Distribution operations depend on speed, coordination, and accuracy across inventory, logistics, and workforce activities. Organizations must manage the [&hellip;]","_links":{"self":[{"href":"https:\/\/maintenir.ca\/fr\/wp-json\/wp\/v2\/pages\/2299","targetHints":{"allow":["GET"]}}],"collection":[{"href":"https:\/\/maintenir.ca\/fr\/wp-json\/wp\/v2\/pages"}],"about":[{"href":"https:\/\/maintenir.ca\/fr\/wp-json\/wp\/v2\/types\/page"}],"author":[{"embeddable":true,"href":"https:\/\/maintenir.ca\/fr\/wp-json\/wp\/v2\/users\/7"}],"replies":[{"embeddable":true,"href":"https:\/\/maintenir.ca\/fr\/wp-json\/wp\/v2\/comments?post=2299"}],"version-history":[{"count":1,"href":"https:\/\/maintenir.ca\/fr\/wp-json\/wp\/v2\/pages\/2299\/revisions"}],"predecessor-version":[{"id":2300,"href":"https:\/\/maintenir.ca\/fr\/wp-json\/wp\/v2\/pages\/2299\/revisions\/2300"}],"wp:attachment":[{"href":"https:\/\/maintenir.ca\/fr\/wp-json\/wp\/v2\/media?parent=2299"}],"curies":[{"name":"wp","href":"https:\/\/api.w.org\/{rel}","templated":true}]}}