{"id":35,"date":"2025-06-29T16:14:55","date_gmt":"2025-06-29T16:14:55","guid":{"rendered":"https:\/\/maintenir.ca\/?page_id=35"},"modified":"2026-04-12T12:30:24","modified_gmt":"2026-04-12T12:30:24","slug":"solutions","status":"publish","type":"page","link":"https:\/\/maintenir.ca\/fr\/solutions\/","title":{"rendered":"Solutions"},"content":{"rendered":"<div class=\"wp-block-uagb-container uagb-block-81450f7d alignfull uagb-is-root-container\"><div class=\"uagb-container-inner-blocks-wrap\">\n<div class=\"wp-block-uagb-advanced-heading uagb-block-5d286853\"><h1 class=\"uagb-heading-text\">Solutions op\u00e9rationnelles pour les entreprises en croissance<\/h1><\/div>\n<\/div><\/div>\n\n\n\n<div class=\"wp-block-group has-white-background-color has-background is-layout-constrained wp-container-core-group-is-layout-f36bc466 wp-block-group-is-layout-constrained\">\n<h2 class=\"wp-block-heading has-text-align-center has-black-color has-text-color has-link-color wp-elements-a7f76b500b45827cac0bacf0d4177b3b\">Notre approche<\/h2>\n\n\n\n<p class=\"has-text-align-center has-black-color has-text-color has-link-color wp-elements-825f97b7ad934188dbb2d8cea4e920ef\">Au <strong>Maintenir<\/strong>, Dans le cadre de notre approche, nous nous attachons \u00e0 comprendre le fonctionnement de vos op\u00e9rations, \u00e0 mettre en \u0153uvre des solutions pratiques qui soutiennent vos \u00e9quipes et \u00e0 am\u00e9liorer en permanence les performances op\u00e9rationnelles. Nous travaillons en \u00e9troite collaboration avec les organisations pour mettre en place des syst\u00e8mes qui am\u00e9liorent la coordination, la visibilit\u00e9 et l'efficacit\u00e9 \u00e0 long terme.<\/p>\n\n\n\n<div class=\"wp-block-columns is-layout-flex wp-container-core-columns-is-layout-28f84493 wp-block-columns-is-layout-flex\">\n<div class=\"wp-block-column is-layout-flow wp-block-column-is-layout-flow\"><\/div>\n<\/div>\n<\/div>\n\n\n\n<div class=\"wp-block-group has-white-color has-ast-global-color-8-background-color has-text-color has-background has-link-color wp-elements-d8b7df455b0b0244e3dd0031331eacce is-layout-constrained wp-container-core-group-is-layout-f36bc466 wp-block-group-is-layout-constrained\">\n<h2 class=\"wp-block-heading has-text-align-center has-white-color has-text-color has-link-color wp-elements-e27191eb0d9e8a717f99c38d17d0705f\">Intelligence op\u00e9rationnelle<\/h2>\n\n\n\n<p class=\"has-text-align-center\">Les organisations ne peuvent pas am\u00e9liorer ce qu'elles ne voient pas. L'intelligence op\u00e9rationnelle permet aux dirigeants et aux \u00e9quipes d'avoir une meilleure visibilit\u00e9 sur les performances de leurs op\u00e9rations afin d'identifier les probl\u00e8mes, de suivre les progr\u00e8s et de prendre des d\u00e9cisions plus \u00e9clair\u00e9es.<\/p>\n\n\n\n<p class=\"has-text-align-center\">De nombreuses organisations s'appuient sur des rapports fragment\u00e9s ou une vision op\u00e9rationnelle limit\u00e9e, ce qui rend difficile la compr\u00e9hension de ce qui se passe r\u00e9ellement au sein des \u00e9quipes, des installations ou des processus. L'intelligence op\u00e9rationnelle relie les donn\u00e9es op\u00e9rationnelles et les indicateurs de performance pour cr\u00e9er une image plus claire de la fa\u00e7on dont les op\u00e9rations fonctionnent au jour le jour.<\/p>\n\n\n\n<p class=\"has-text-align-center\">Cette meilleure visibilit\u00e9 permet aux organisations de passer d'une prise de d\u00e9cision r\u00e9active \u00e0 une gestion op\u00e9rationnelle proactive.<\/p>\n\n\n\n<p class=\"has-text-align-center has-medium-font-size\"><strong>L'intelligence op\u00e9rationnelle peut aider les organisations \u00e0<\/strong><\/p>\n\n\n\n<p class=\"has-text-align-center\">- Obtenir une vision plus claire de la performance op\u00e9rationnelle<br>- Identifier les goulets d'\u00e9tranglement et les inefficacit\u00e9s op\u00e9rationnelles<br>- Contr\u00f4ler les indicateurs de performance cl\u00e9s au sein des \u00e9quipes et des sites<br>- Soutenir la prise de d\u00e9cision strat\u00e9gique et op\u00e9rationnelle<\/p>\n\n\n\n<div class=\"wp-block-buttons is-content-justification-center is-layout-flex wp-container-core-buttons-is-layout-a89b3969 wp-block-buttons-is-layout-flex\">\n<div class=\"wp-block-button\"><a class=\"wp-block-button__link wp-element-button\" href=\"https:\/\/maintenir.ca\/fr\/operational-intelligence\/\">en savoir plus \u2026<\/a><\/div>\n<\/div>\n<\/div>\n\n\n\n<div class=\"wp-block-group has-black-color has-text-color has-link-color wp-elements-e6bf2826d5648ded227990c8a55f9041 is-layout-constrained wp-container-core-group-is-layout-f36bc466 wp-block-group-is-layout-constrained\">\n<h2 class=\"wp-block-heading has-text-align-center has-black-color has-text-color has-link-color wp-elements-9120bd34b56088ae30e7bf91447beba7\">Gestion du lieu de travail<\/h2>\n\n\n\n<p class=\"has-text-align-center\">Les lieux de travail et les environnements op\u00e9rationnels jouent un r\u00f4le important dans l'efficacit\u00e9 du travail des \u00e9quipes. La gestion du lieu de travail se concentre sur l'am\u00e9lioration de la surveillance, de l'utilisation et de la gestion des installations, des espaces et des environnements op\u00e9rationnels.<\/p>\n\n\n\n<p class=\"has-text-align-center\">Les organisations ont souvent du mal \u00e0 comprendre comment leurs lieux de travail sont utilis\u00e9s, comment les conditions environnementales influencent la productivit\u00e9 ou comment les environnements op\u00e9rationnels peuvent \u00eatre optimis\u00e9s pour mieux soutenir les employ\u00e9s.<\/p>\n\n\n\n<p class=\"has-text-align-center\">En am\u00e9liorant la visibilit\u00e9 des conditions et de l'utilisation du lieu de travail, les organisations peuvent cr\u00e9er des environnements qui favorisent davantage la productivit\u00e9, la s\u00e9curit\u00e9 et l'efficacit\u00e9 op\u00e9rationnelle.<\/p>\n\n\n\n<p class=\"has-text-align-center\"><strong>Les solutions de gestion du lieu de travail peuvent aider les organisations :<\/strong><\/p>\n\n\n\n<p class=\"has-text-align-center\">- Comprendre comment les lieux de travail et les installations sont utilis\u00e9s<br>- Contr\u00f4ler les conditions environnementales qui affectent les performances op\u00e9rationnelles<br>- Am\u00e9liorer l'am\u00e9nagement de l'espace et la coordination du lieu de travail<br>- Favoriser une meilleure gestion des environnements op\u00e9rationnels<\/p>\n\n\n\n<div class=\"wp-block-buttons is-content-justification-center is-layout-flex wp-container-core-buttons-is-layout-a89b3969 wp-block-buttons-is-layout-flex\">\n<div class=\"wp-block-button\"><a class=\"wp-block-button__link wp-element-button\" href=\"https:\/\/maintenir.ca\/fr\/workplace-management\/\">en savoir plus \u2026<\/a><\/div>\n<\/div>\n<\/div>\n\n\n\n<div class=\"wp-block-group has-white-color has-black-background-color has-text-color has-background has-link-color wp-elements-1f6bf5d8d6c74600cb2506ba747a9514 is-layout-constrained wp-container-core-group-is-layout-f36bc466 wp-block-group-is-layout-constrained\">\n<h2 class=\"wp-block-heading has-text-align-center has-ast-global-color-5-color has-text-color has-link-color wp-elements-c9fefa8d211cb50cc7265dc1f87b3a40\">Automatisation des processus et des flux de travail<\/h2>\n\n\n\n<p class=\"has-text-align-center\">De nombreux d\u00e9fis op\u00e9rationnels d\u00e9coulent de flux de travail manuels, de syst\u00e8mes d\u00e9connect\u00e9s et de processus manquant de visibilit\u00e9 ou d'adaptabilit\u00e9.<\/p>\n\n\n\n<p class=\"has-text-align-center\">L'automatisation des flux de travail et des processus aide les organisations \u00e0 aller au-del\u00e0 de la simple num\u00e9risation en introduisant <strong>flux de travail connect\u00e9s et intelligents<\/strong> support\u00e9 par l'automatisation, l'IoT et l'IA.<br>En reliant les syst\u00e8mes, les donn\u00e9es et les signaux op\u00e9rationnels du monde r\u00e9el, les organisations peuvent rationaliser les processus, r\u00e9duire les efforts manuels et am\u00e9liorer le flux de travail entre les \u00e9quipes et les environnements.<\/p>\n\n\n\n<p class=\"has-text-align-center\">L'automatisation am\u00e9liore non seulement l'efficacit\u00e9, mais renforce \u00e9galement la coordination, la responsabilit\u00e9 et la r\u00e9activit\u00e9 en garantissant que les informations circulent de mani\u00e8re fluide entre les syst\u00e8mes et les personnes qui les utilisent.<br>Au fur et \u00e0 mesure que les organisations \u00e9voluent, ces flux de travail connect\u00e9s peuvent \u00eatre am\u00e9lior\u00e9s par des capacit\u00e9s pilot\u00e9es par l'IA qui prennent en charge la prise de d\u00e9cision, am\u00e9liorent la r\u00e9activit\u00e9 et aident les \u00e9quipes \u00e0 s'adapter aux conditions op\u00e9rationnelles changeantes.<\/p>\n\n\n\n<p class=\"has-text-align-center\"><strong>L'automatisation des flux de travail et des processus peut aider les organisations<\/strong>.<\/p>\n\n\n\n<p class=\"has-text-align-center\">- R\u00e9duire les processus manuels et le travail administratif<br>&nbsp;\u2022 Connecter les syst\u00e8mes, les flux de travail et les donn\u00e9es op\u00e9rationnelles<br>&nbsp;\u2022 Am\u00e9liorer la coordination entre les \u00e9quipes et les environnements<br>&nbsp;\u2022 Permettre une visibilit\u00e9 et une r\u00e9activit\u00e9 en temps r\u00e9el<br>&nbsp;\u2022 Soutenir la prise de d\u00e9cision et l'automatisation assist\u00e9es par l'IA<br>&nbsp;Int\u00e9grer les donn\u00e9es IoT dans les flux op\u00e9rationnels<\/p>\n\n\n\n<div class=\"wp-block-buttons is-content-justification-center is-layout-flex wp-container-core-buttons-is-layout-a89b3969 wp-block-buttons-is-layout-flex\">\n<div class=\"wp-block-button\"><a class=\"wp-block-button__link wp-element-button\" href=\"https:\/\/maintenir.ca\/fr\/workflow-process-automation\/\">en savoir plus \u2026<\/a><\/div>\n<\/div>\n<\/div>\n\n\n\n<div class=\"wp-block-group has-black-color has-text-color has-link-color wp-elements-4138bb3d15e0d89c40bd9d34b79eaa0a is-layout-constrained wp-container-core-group-is-layout-f36bc466 wp-block-group-is-layout-constrained\">\n<h2 class=\"wp-block-heading has-text-align-center has-black-color has-text-color has-link-color wp-elements-1a8bd16f102508dfc892cb72023e08fb\">Op\u00e9rations de terrain et de service<\/h2>\n\n\n\n<p class=\"has-text-align-center\">Les entreprises qui font appel \u00e0 des \u00e9quipes sur le terrain ou \u00e0 des techniciens de maintenance doivent coordonner le personnel, les horaires et les t\u00e2ches op\u00e9rationnelles sur plusieurs sites. Les solutions pour les op\u00e9rations de terrain et de service permettent d'am\u00e9liorer la gestion et la coordination de ces activit\u00e9s.<\/p>\n\n\n\n<p class=\"has-text-align-center\">Une visibilit\u00e9 limit\u00e9e des op\u00e9rations sur le terrain peut entra\u00eener des probl\u00e8mes de programmation, des lacunes dans la communication et une prestation de services inefficace. L'am\u00e9lioration de la coordination et de la visibilit\u00e9 permet aux organisations de g\u00e9rer plus efficacement les \u00e9quipes sur le terrain et de r\u00e9pondre plus rapidement aux besoins op\u00e9rationnels.<\/p>\n\n\n\n<p class=\"has-text-align-center\">Gr\u00e2ce \u00e0 de meilleurs outils et flux de travail pour les \u00e9quipes sur le terrain, les organisations peuvent am\u00e9liorer la prestation de services, la communication et l'efficacit\u00e9 op\u00e9rationnelle.<\/p>\n\n\n\n<p class=\"has-text-align-center\"><strong>Les solutions Field &amp; Service Operations peuvent aider les organisations :<\/strong><\/p>\n\n\n\n<p class=\"has-text-align-center\">- Am\u00e9liorer la programmation et la coordination des \u00e9quipes de terrain<br>- Am\u00e9liorer la visibilit\u00e9 des activit\u00e9s et de l'\u00e9tat d'avancement des services<br>- Rationaliser les flux de commandes et de services<br>- Renforcer la communication entre les \u00e9quipes de terrain et de bureau<\/p>\n\n\n\n<div class=\"wp-block-buttons is-content-justification-center is-layout-flex wp-container-core-buttons-is-layout-a89b3969 wp-block-buttons-is-layout-flex\">\n<div class=\"wp-block-button\"><a class=\"wp-block-button__link wp-element-button\" href=\"https:\/\/maintenir.ca\/fr\/field-service-operations\/\">en savoir plus \u2026<\/a><\/div>\n<\/div>\n<\/div>\n\n\n\n<div class=\"wp-block-group has-white-color has-black-background-color has-text-color has-background has-link-color wp-elements-6d724356a6cf1837d3e48db7e7d473a9 is-layout-constrained wp-container-core-group-is-layout-f36bc466 wp-block-group-is-layout-constrained\">\n<h2 class=\"wp-block-heading has-text-align-center has-white-color has-text-color has-link-color wp-elements-615312eb72bf877c1d904148af2eeade\">Op\u00e9rations sur les actifs et les installations<\/h2>\n\n\n\n<p class=\"has-text-align-center\">Les actifs, les \u00e9quipements et les installations sont des \u00e9l\u00e9ments essentiels des activit\u00e9s de nombreuses organisations. Les solutions d'exploitation des actifs et des installations aident les organisations \u00e0 g\u00e9rer ces ressources de mani\u00e8re plus efficace, afin qu'elles continuent \u00e0 soutenir les op\u00e9rations quotidiennes de mani\u00e8re fiable.<\/p>\n\n\n\n<p class=\"has-text-align-center\">Sans une visibilit\u00e9 et une coordination claires, les actifs et les installations peuvent devenir difficiles \u00e0 g\u00e9rer, ce qui entra\u00eene des inefficacit\u00e9s, des probl\u00e8mes inattendus ou des perturbations op\u00e9rationnelles.<\/p>\n\n\n\n<p class=\"has-text-align-center\">En am\u00e9liorant la surveillance, la maintenance et la coordination des actifs et des installations, les organisations peuvent s'assurer que leurs environnements op\u00e9rationnels restent fiables et bien g\u00e9r\u00e9s.<\/p>\n\n\n\n<p class=\"has-text-align-center\"><strong>Les solutions Asset &amp; Facility Operations peuvent aider les organisations :<\/strong><\/p>\n\n\n\n<p class=\"has-text-align-center\">- Am\u00e9liorer la visibilit\u00e9 des actifs et des \u00e9quipements<br>- Coordonner les activit\u00e9s de maintenance et d'entretien des installations<br>- Favoriser un fonctionnement fiable des environnements op\u00e9rationnels<br>- G\u00e9rer le cycle de vie des actifs et les performances op\u00e9rationnelles<\/p>\n\n\n\n<div class=\"wp-block-buttons is-content-justification-center is-layout-flex wp-container-core-buttons-is-layout-a89b3969 wp-block-buttons-is-layout-flex\">\n<div class=\"wp-block-button\"><a class=\"wp-block-button__link wp-element-button\" href=\"https:\/\/maintenir.ca\/fr\/asset-facility-operations\/\">en savoir plus \u2026<\/a><\/div>\n<\/div>\n<\/div>\n\n\n\n<div class=\"wp-block-group has-black-color has-text-color has-link-color wp-elements-836f8e8e2adbfc1e74504d5ab60f479d is-layout-constrained wp-block-group-is-layout-constrained\">\n<h2 class=\"wp-block-heading has-text-align-center has-black-color has-text-color has-link-color wp-elements-2102dadddb55c1d5c8393b2b40470a3c\">Gestion des id\u00e9es et de l'innovation<\/h2>\n\n\n\n<p class=\"has-text-align-center\">Les organisations fortes am\u00e9liorent en permanence leur mode de fonctionnement. La gestion des id\u00e9es et de l'innovation aide les organisations \u00e0 recueillir les id\u00e9es des employ\u00e9s et \u00e0 les transformer en am\u00e9liorations op\u00e9rationnelles significatives.<\/p>\n\n\n\n<p class=\"has-text-align-center\">Les employ\u00e9s voient souvent des possibilit\u00e9s d'am\u00e9lioration dans leur travail quotidien, mais n'ont pas de moyen structur\u00e9 pour partager et d\u00e9velopper ces id\u00e9es. La cr\u00e9ation d'un syst\u00e8me de collecte et de mise en \u0153uvre des id\u00e9es permet aux organisations d'exploiter les connaissances et la cr\u00e9ativit\u00e9 de leurs \u00e9quipes.<\/p>\n\n\n\n<p class=\"has-text-align-center\">Cette approche aide les organisations \u00e0 instaurer une culture dans laquelle les employ\u00e9s contribuent \u00e0 l'am\u00e9lioration des processus, \u00e0 la r\u00e9solution des probl\u00e8mes op\u00e9rationnels et \u00e0 l'am\u00e9lioration des performances globales.<\/p>\n\n\n\n<p class=\"has-text-align-center\"><strong>La gestion des id\u00e9es et de l'innovation peut aider les organisations :&nbsp;&nbsp;&nbsp;&nbsp;&nbsp;&nbsp;<\/strong><\/p>\n\n\n\n<p class=\"has-text-align-center\">- Recueillir les id\u00e9es d'am\u00e9lioration des employ\u00e9s<br>- Structurer et suivre les initiatives d'am\u00e9lioration op\u00e9rationnelle<br>- Soutenir l'innovation port\u00e9e par les salari\u00e9s<br>- Renforcer la culture de l'am\u00e9lioration continue<\/p>\n\n\n\n<div class=\"wp-block-buttons is-content-justification-center is-layout-flex wp-container-core-buttons-is-layout-a89b3969 wp-block-buttons-is-layout-flex\">\n<div class=\"wp-block-button\"><a class=\"wp-block-button__link wp-element-button\" href=\"https:\/\/maintenir.ca\/fr\/idea-innovation-management\/\">en savoir plus \u2026<\/a><\/div>\n<\/div>\n<\/div>\n\n\n\n<div class=\"wp-block-uagb-container uagb-block-px4nuuew alignfull uagb-is-root-container\"><div class=\"uagb-container-inner-blocks-wrap\">\n<div class=\"wp-block-group is-horizontal is-content-justification-left is-nowrap is-layout-flex wp-container-core-group-is-layout-78c8a1cb wp-block-group-is-layout-flex\">\n<div class=\"wp-block-uagb-info-box uagb-block-ptuppzzu uagb-infobox__content-wrap  uagb-infobox-icon-above-title uagb-infobox-image-valign-top\"><div class=\"uagb-ifb-content\"><div class=\"uagb-ifb-title-wrap\"><h2 class=\"uagb-ifb-title\"><img loading=\"lazy\" decoding=\"async\" width=\"50\" height=\"50\" class=\"wp-image-1485\" style=\"width: 50px;\" src=\"https:\/\/maintenir.ca\/wp-content\/uploads\/2025\/07\/cropped-favico-150x150-1.png\" alt=\"\" srcset=\"https:\/\/maintenir.ca\/wp-content\/uploads\/2025\/07\/cropped-favico-150x150-1.png 50w, https:\/\/maintenir.ca\/wp-content\/uploads\/2025\/07\/cropped-favico-150x150-1-12x12.png 12w\" sizes=\"auto, (max-width: 50px) 100vw, 50px\" \/>Maintenir l'\u00e9cosyst\u00e8me technologique<\/h2><\/div><p class=\"uagb-ifb-desc\">Maintenir s'associe \u00e0 des plateformes technologiques op\u00e9rationnelles de premier plan pour fournir des solutions pratiques qui renforcent la visibilit\u00e9, la coordination et la performance au sein des organisations.<br>Chaque plateforme prend en charge un domaine sp\u00e9cifique du cadre op\u00e9rationnel de Maintenir, ce qui nous permet d'adapter les solutions aux besoins de chaque organisation.<\/p><\/div><\/div>\n\n\n\n<div class=\"wp-block-uagb-image alignleft uagb-block-myo8hork wp-block-uagb-image--layout-default wp-block-uagb-image--effect-static wp-block-uagb-image--align-left\"><figure class=\"wp-block-uagb-image__figure\"><img loading=\"lazy\" decoding=\"async\" srcset=\"https:\/\/maintenir.ca\/wp-content\/uploads\/2026\/03\/Dynamic-Infographic-with-Icons-and-Colorful-Domains21-724x1024.jpg ,https:\/\/maintenir.ca\/wp-content\/uploads\/2026\/03\/Dynamic-Infographic-with-Icons-and-Colorful-Domains21.jpg 780w, https:\/\/maintenir.ca\/wp-content\/uploads\/2026\/03\/Dynamic-Infographic-with-Icons-and-Colorful-Domains21.jpg 360w\" sizes=\"auto, (max-width: 480px) 150px\" src=\"https:\/\/maintenir.ca\/wp-content\/uploads\/2026\/03\/Dynamic-Infographic-with-Icons-and-Colorful-Domains21-724x1024.jpg\" alt=\"\" class=\"uag-image-2073\" width=\"600\" height=\"800\" title=\"Infographie dynamique avec des ic\u00f4nes et des domaines color\u00e9s21\" role=\"img\"\/><\/figure><\/div>\n<\/div>\n<\/div><\/div>\n\n\n\n<div class=\"wp-block-uagb-container uagb-block-18b3bf3f alignfull uagb-is-root-container\"><div class=\"uagb-container-inner-blocks-wrap\"><\/div><\/div>\n\n\n\n<div class=\"wp-block-cover footercta\" style=\"min-height:50px;aspect-ratio:unset;\"><span aria-hidden=\"true\" class=\"wp-block-cover__background has-ast-global-color-0-background-color has-background-dim-100 has-background-dim\"><\/span><div class=\"wp-block-cover__inner-container is-layout-flow wp-block-cover-is-layout-flow\">\n<div class=\"wp-block-group is-content-justification-center is-nowrap is-layout-flex wp-container-core-group-is-layout-23441af8 wp-block-group-is-layout-flex\">\n<h4 class=\"wp-block-heading has-text-align-center has-ast-global-color-5-color has-text-color has-link-color wp-elements-554dc6622a34f09ef76a5cd569b47705\">Ne perdez plus d'argent \u00e0 cause des temps d'arr\u00eat. <a href=\"\/fr\/assessment\/\">Pr\u00eat ?<\/a><\/h4>\n<\/div>\n<\/div><\/div>\n\n\n\n<p><\/p>","protected":false},"excerpt":{"rendered":"<p>Operational Solutions for Growing Businesses Our Approach At Maintenir, our approach focuses on understanding how your operations work, implementing practical [&hellip;]<\/p>\n","protected":false},"author":7,"featured_media":0,"parent":0,"menu_order":0,"comment_status":"closed","ping_status":"closed","template":"","meta":{"om_disable_all_campaigns":false,"inline_featured_image":false,"_uag_custom_page_level_css":"","_monsterinsights_skip_tracking":false,"_monsterinsights_sitenote_active":false,"_monsterinsights_sitenote_note":"","_monsterinsights_sitenote_category":0,"site-sidebar-layout":"default","site-content-layout":"","ast-site-content-layout":"full-width-container","site-content-style":"default","site-sidebar-style":"default","ast-global-header-display":"","ast-banner-title-visibility":"","ast-main-header-display":"","ast-hfb-above-header-display":"","ast-hfb-below-header-display":"","ast-hfb-mobile-header-display":"","site-post-title":"disabled","ast-breadcrumbs-content":"","ast-featured-img":"","footer-sml-layout":"","ast-disable-related-posts":"","theme-transparent-header-meta":"enabled","adv-header-id-meta":"","stick-header-meta":"","header-above-stick-meta":"","header-main-stick-meta":"","header-below-stick-meta":"","astra-migrate-meta-layouts":"","ast-page-background-enabled":"default","ast-page-background-meta":{"desktop":{"background-color":"var(--ast-global-color-4)","background-image":"","background-repeat":"repeat","background-position":"center center","background-size":"auto","background-attachment":"scroll","background-type":"","background-media":"","overlay-type":"","overlay-color":"","overlay-opacity":"","overlay-gradient":""},"tablet":{"background-color":"","background-image":"","background-repeat":"repeat","background-position":"center center","background-size":"auto","background-attachment":"scroll","background-type":"","background-media":"","overlay-type":"","overlay-color":"","overlay-opacity":"","overlay-gradient":""},"mobile":{"background-color":"","background-image":"","background-repeat":"repeat","background-position":"center center","background-size":"auto","background-attachment":"scroll","background-type":"","background-media":"","overlay-type":"","overlay-color":"","overlay-opacity":"","overlay-gradient":""}},"ast-content-background-meta":{"desktop":{"background-color":"var(--ast-global-color-5)","background-image":"","background-repeat":"repeat","background-position":"center center","background-size":"auto","background-attachment":"scroll","background-type":"","background-media":"","overlay-type":"","overlay-color":"","overlay-opacity":"","overlay-gradient":""},"tablet":{"background-color":"var(--ast-global-color-5)","background-image":"","background-repeat":"repeat","background-position":"center center","background-size":"auto","background-attachment":"scroll","background-type":"","background-media":"","overlay-type":"","overlay-color":"","overlay-opacity":"","overlay-gradient":""},"mobile":{"background-color":"var(--ast-global-color-5)","background-image":"","background-repeat":"repeat","background-position":"center center","background-size":"auto","background-attachment":"scroll","background-type":"","background-media":"","overlay-type":"","overlay-color":"","overlay-opacity":"","overlay-gradient":""}},"footnotes":""},"class_list":["post-35","page","type-page","status-publish","hentry"],"aioseo_notices":[],"uagb_featured_image_src":{"full":false,"thumbnail":false,"medium":false,"medium_large":false,"large":false,"1536x1536":false,"2048x2048":false,"trp-custom-language-flag":false},"uagb_author_info":{"display_name":"David Maillard","author_link":"https:\/\/maintenir.ca\/fr\/author\/prurxtyadc5e\/"},"uagb_comment_info":0,"uagb_excerpt":"Operational Solutions for Growing Businesses Our Approach At Maintenir, our approach focuses on understanding how your operations work, implementing practical [&hellip;]","_links":{"self":[{"href":"https:\/\/maintenir.ca\/fr\/wp-json\/wp\/v2\/pages\/35","targetHints":{"allow":["GET"]}}],"collection":[{"href":"https:\/\/maintenir.ca\/fr\/wp-json\/wp\/v2\/pages"}],"about":[{"href":"https:\/\/maintenir.ca\/fr\/wp-json\/wp\/v2\/types\/page"}],"author":[{"embeddable":true,"href":"https:\/\/maintenir.ca\/fr\/wp-json\/wp\/v2\/users\/7"}],"replies":[{"embeddable":true,"href":"https:\/\/maintenir.ca\/fr\/wp-json\/wp\/v2\/comments?post=35"}],"version-history":[{"count":66,"href":"https:\/\/maintenir.ca\/fr\/wp-json\/wp\/v2\/pages\/35\/revisions"}],"predecessor-version":[{"id":2281,"href":"https:\/\/maintenir.ca\/fr\/wp-json\/wp\/v2\/pages\/35\/revisions\/2281"}],"wp:attachment":[{"href":"https:\/\/maintenir.ca\/fr\/wp-json\/wp\/v2\/media?parent=35"}],"curies":[{"name":"wp","href":"https:\/\/api.w.org\/{rel}","templated":true}]}}