{"id":36,"date":"2025-06-29T16:14:55","date_gmt":"2025-06-29T16:14:55","guid":{"rendered":"https:\/\/maintenir.ca\/?page_id=36"},"modified":"2026-03-29T00:51:03","modified_gmt":"2026-03-29T00:51:03","slug":"about","status":"publish","type":"page","link":"https:\/\/maintenir.ca\/fr\/about\/","title":{"rendered":"\u00c0 PROPOS"},"content":{"rendered":"<div class=\"wp-block-uagb-container uagb-block-81450f7d alignfull uagb-is-root-container\"><div class=\"uagb-container-inner-blocks-wrap\">\n<div class=\"wp-block-uagb-advanced-heading uagb-block-5d286853\"><h1 class=\"uagb-heading-text\">\u00c0 propos de Maintenir<\/h1><\/div>\n\n\n\n<p class=\"has-text-align-center has-ast-global-color-5-color has-text-color has-link-color wp-elements-b68b3da1f040b91d0845cd4d4d0e1e8c\">La plupart des organisations ne sont pas en difficult\u00e9 \u00e0 cause d'un manque d'outils.<br>Elles se heurtent \u00e0 des difficult\u00e9s parce que leurs activit\u00e9s ne sont pas harmonis\u00e9es.<\/p>\n<\/div><\/div>\n\n\n\n<div class=\"wp-block-uagb-container uagb-block-7dd95baa alignfull uagb-is-root-container\"><div class=\"uagb-container-inner-blocks-wrap\">\n<div class=\"wp-block-group has-black-color has-white-background-color has-text-color has-background has-link-color wp-elements-f85e74796ab19b73fa00529516b22fbe is-layout-constrained wp-block-group-is-layout-constrained\">\n<div class=\"wp-block-uagb-info-box uagb-block-4044fa14 uagb-infobox__content-wrap  uagb-infobox-icon-above-title uagb-infobox-image-valign-top\"><div class=\"uagb-ifb-content\"><div class=\"uagb-ifb-title-wrap\"><div class=\"uagb-ifb-separator\"><\/div><h2 class=\"uagb-ifb-title\"><img loading=\"lazy\" decoding=\"async\" width=\"50\" height=\"50\" class=\"wp-image-1485\" style=\"width: 50px;\" src=\"https:\/\/maintenir.ca\/wp-content\/uploads\/2025\/07\/cropped-favico-150x150-1.png\" alt=\"\" srcset=\"https:\/\/maintenir.ca\/wp-content\/uploads\/2025\/07\/cropped-favico-150x150-1.png 50w, https:\/\/maintenir.ca\/wp-content\/uploads\/2025\/07\/cropped-favico-150x150-1-12x12.png 12w\" sizes=\"auto, (max-width: 50px) 100vw, 50px\" \/>Notre point de vue<\/h2><\/div><p class=\"uagb-ifb-desc\">Nous pensons que la performance provient de la mani\u00e8re dont les personnes, les processus, les environnements et les syst\u00e8mes fonctionnent ensemble.<br>Dans le cas contraire, les op\u00e9rations deviennent plus difficiles \u00e0 g\u00e9rer et les \u00e9quipes sont oblig\u00e9es de travailler autour du syst\u00e8me au lieu d'\u00eatre soutenues par lui.<br><\/p><\/div><\/div>\n<\/div>\n<\/div><\/div>\n\n\n\n<div class=\"wp-block-uagb-separator uagb-block-a9e18eff\"><div class=\"wp-block-uagb-separator__inner\" style=\"--my-background-image:\"><\/div><\/div>\n\n\n\n<div class=\"wp-block-group has-white-color has-black-background-color has-text-color has-background has-link-color wp-elements-2a9170d5cbfef60d89833e48d6afd456 is-layout-constrained wp-container-core-group-is-layout-f36bc466 wp-block-group-is-layout-constrained\">\n<h2 class=\"wp-block-heading has-text-align-center has-white-color has-text-color has-link-color wp-elements-4858fe3b6b7a12df6c381550694d5fbd\">Ce que nous faisons<\/h2>\n\n\n\n<p class=\"has-text-align-center\">Maintenir permet de remettre les op\u00e9rations en ordre.<br>Nous travaillons aux c\u00f4t\u00e9s des organisations pour am\u00e9liorer la fa\u00e7on dont le travail est effectu\u00e9, renforcer la coordination et mettre en \u0153uvre des solutions qui soutiennent les \u00e9quipes dans la pratique.<\/p>\n<\/div>\n\n\n\n<div class=\"wp-block-group has-white-background-color has-background is-layout-constrained wp-container-core-group-is-layout-f36bc466 wp-block-group-is-layout-constrained\">\n<h2 class=\"wp-block-heading has-text-align-center has-black-color has-text-color has-link-color wp-elements-3cb58594884c0043c0fa2cab13868650\">Comment nous pensons<\/h2>\n\n\n\n<p class=\"has-text-align-center has-black-color has-text-color has-link-color wp-elements-d27e9639e433264ccf01d3cb700f1a3c\"><strong>Il n'existe pas de mod\u00e8le unique.<br>Pas de complexit\u00e9 inutile.<br>Pas de syst\u00e8mes qui cr\u00e9ent plus de travail qu'ils n'en r\u00e9solvent.<\/strong><\/p>\n\n\n\n<p class=\"has-text-align-center has-black-color has-text-color has-link-color wp-elements-7fcaac08ae983786e0f1e57240bd17e0\">Il s'agit simplement d'am\u00e9liorations pratiques qui facilitent la gestion des op\u00e9rations et les rendent plus faciles \u00e0 r\u00e9aliser.<\/p>\n<\/div>\n\n\n\n<div class=\"wp-block-group has-white-color has-black-background-color has-text-color has-background has-link-color wp-elements-a8fd79a36d4e80e51551cb703c95f4a9 is-layout-constrained wp-container-core-group-is-layout-f36bc466 wp-block-group-is-layout-constrained\">\n<h2 class=\"wp-block-heading has-text-align-center has-white-color has-text-color has-link-color wp-elements-d041baebaefe224dd1e46358dafc978e\">Avec qui nous travaillons<\/h2>\n\n\n\n<p class=\"has-text-align-center\">Nous soutenons les organisations dont les op\u00e9rations sont complexes, ax\u00e9es sur l'ex\u00e9cution et reposent sur la coordination entre les personnes, les syst\u00e8mes et les flux de travail.<\/p>\n\n\n\n<p class=\"has-text-align-center\">Il s'agit d'environnements tels que l'industrie manufacturi\u00e8re, la construction, les installations, la distribution et d'autres industries op\u00e9rationnelles.<\/p>\n<\/div>\n\n\n\n<div style=\"height:43px\" aria-hidden=\"true\" class=\"wp-block-spacer\"><\/div>\n\n\n\n<p class=\"has-text-align-center has-black-color has-text-color has-link-color wp-elements-4fefa1d10522670e6c8f67275c2b3f37\" style=\"font-size:25px\"><strong>Les op\u00e9rations doivent soutenir les personnes. Et non l'inverse.<\/strong><\/p>\n\n\n\n<div style=\"height:38px\" aria-hidden=\"true\" class=\"wp-block-spacer\"><\/div>\n\n\n\n<hr class=\"wp-block-separator has-alpha-channel-opacity\"\/>\n\n\n\n<div class=\"wp-block-uagb-container uagb-block-8c5a0a92 alignfull uagb-is-root-container\"><div class=\"uagb-container-inner-blocks-wrap\">\n<div class=\"wp-block-uagb-container uagb-block-74556010\"><\/div>\n\n\n\n<div class=\"wp-block-uagb-container uagb-block-fcaf0b24\"><\/div>\n\n\n\n<div class=\"wp-block-uagb-container uagb-block-c5474976\">\n<div class=\"wp-block-group is-layout-constrained wp-block-group-is-layout-constrained\">\n<div class=\"wp-block-columns is-layout-flex wp-container-core-columns-is-layout-28f84493 wp-block-columns-is-layout-flex\">\n<div class=\"wp-block-column is-layout-flow wp-block-column-is-layout-flow\">\n<p class=\"has-black-color has-text-color has-link-color wp-elements-d558650261fab290ad9046f74bdbbf37\">Les organisations fonctionnent au mieux lorsque leurs employ\u00e9s sont soutenus par la bonne structure op\u00e9rationnelle.<br>C'est cette conviction qui a conduit Mike \u00e0 cr\u00e9er Maintenir et \u00e0 d\u00e9velopper le concept de <strong>Des op\u00e9rations ax\u00e9es sur les personnes<\/strong>.<br>Avec une exp\u00e9rience couvrant l'entrepreneuriat, les op\u00e9rations et la technologie, Mike apporte une perspective pratique et r\u00e9elle au fonctionnement des organisations. <\/p>\n\n\n\n<p class=\"has-black-color has-text-color has-link-color wp-elements-6d5541a4863b1f29ba2ff78793b2d017\">Il travaille en \u00e9troite collaboration avec les responsables op\u00e9rationnels pour identifier les points de friction, am\u00e9liorer la visibilit\u00e9 et la coordination, et mettre en \u0153uvre des solutions qui rendent les op\u00e9rations quotidiennes plus faciles \u00e0 g\u00e9rer et plus efficaces. Son approche est simple : aligner les syst\u00e8mes, les flux de travail et les environnements qui soutiennent les \u00e9quipes afin qu'elles puissent donner le meilleur d'elles-m\u00eames. <\/p>\n\n\n\n<p class=\"has-black-color has-text-color has-link-color wp-elements-c3605c581a1ca53b717edcaca2265166\">Mike est convaincu que la technologie doit soutenir les personnes, et non l'inverse, et il s'efforce d'aider les organisations \u00e0 mettre en place des op\u00e9rations plus efficaces, plus r\u00e9silientes et plus performantes.<\/p>\n<\/div>\n\n\n\n<div class=\"wp-block-column is-layout-flow wp-block-column-is-layout-flow\">\n<figure class=\"wp-block-image size-full\"><img loading=\"lazy\" decoding=\"async\" width=\"800\" height=\"800\" src=\"https:\/\/maintenir.ca\/wp-content\/uploads\/2026\/03\/1583949013944.jpeg\" alt=\"\" class=\"wp-image-2159\" srcset=\"https:\/\/maintenir.ca\/wp-content\/uploads\/2026\/03\/1583949013944.jpeg 800w, https:\/\/maintenir.ca\/wp-content\/uploads\/2026\/03\/1583949013944-300x300.jpeg 300w, https:\/\/maintenir.ca\/wp-content\/uploads\/2026\/03\/1583949013944-150x150.jpeg 150w, https:\/\/maintenir.ca\/wp-content\/uploads\/2026\/03\/1583949013944-768x768.jpeg 768w, https:\/\/maintenir.ca\/wp-content\/uploads\/2026\/03\/1583949013944-12x12.jpeg 12w\" sizes=\"auto, (max-width: 800px) 100vw, 800px\" \/><\/figure>\n\n\n\n<h2 class=\"wp-block-heading has-text-align-center\"><img loading=\"lazy\" decoding=\"async\" width=\"50\" height=\"50\" class=\"wp-image-1485\" style=\"width: 50px;\" src=\"https:\/\/maintenir.ca\/wp-content\/uploads\/2025\/07\/cropped-favico-150x150-1.png\" alt=\"\" srcset=\"https:\/\/maintenir.ca\/wp-content\/uploads\/2025\/07\/cropped-favico-150x150-1.png 50w, https:\/\/maintenir.ca\/wp-content\/uploads\/2025\/07\/cropped-favico-150x150-1-12x12.png 12w\" sizes=\"auto, (max-width: 50px) 100vw, 50px\" \/>Mike Bedard <\/h2>\n\n\n\n<p class=\"has-text-align-center has-black-color has-text-color has-link-color has-medium-font-size wp-elements-396188edeb1b856e9ca49150ab61a803\"><strong>Fondateur, Maintenir<\/strong><\/p>\n<\/div>\n<\/div>\n<\/div>\n<\/div>\n<\/div><\/div>\n\n\n\n<div class=\"wp-block-uagb-container uagb-block-18b3bf3f alignfull uagb-is-root-container\"><div class=\"uagb-container-inner-blocks-wrap\"><\/div><\/div>\n\n\n\n<div class=\"wp-block-cover footercta\" style=\"min-height:50px;aspect-ratio:unset;\"><span aria-hidden=\"true\" class=\"wp-block-cover__background has-ast-global-color-0-background-color has-background-dim-100 has-background-dim\"><\/span><div class=\"wp-block-cover__inner-container is-layout-flow wp-block-cover-is-layout-flow\">\n<div class=\"wp-block-group is-content-justification-center is-nowrap is-layout-flex wp-container-core-group-is-layout-23441af8 wp-block-group-is-layout-flex\">\n<h4 class=\"wp-block-heading has-text-align-center has-ast-global-color-5-color has-text-color has-link-color wp-elements-554dc6622a34f09ef76a5cd569b47705\">Ne perdez plus d'argent \u00e0 cause des temps d'arr\u00eat. <a href=\"\/fr\/assessment\/\">Pr\u00eat ?<\/a><\/h4>\n<\/div>\n<\/div><\/div>","protected":false},"excerpt":{"rendered":"<p>About Maintenir Most organizations don\u2019t struggle because of a lack of tools.They struggle because their operations aren\u2019t aligned. What We [&hellip;]<\/p>\n","protected":false},"author":7,"featured_media":0,"parent":0,"menu_order":0,"comment_status":"closed","ping_status":"closed","template":"","meta":{"om_disable_all_campaigns":false,"inline_featured_image":false,"_uag_custom_page_level_css":"","_monsterinsights_skip_tracking":false,"_monsterinsights_sitenote_active":false,"_monsterinsights_sitenote_note":"","_monsterinsights_sitenote_category":0,"site-sidebar-layout":"default","site-content-layout":"","ast-site-content-layout":"full-width-container","site-content-style":"default","site-sidebar-style":"default","ast-global-header-display":"","ast-banner-title-visibility":"","ast-main-header-display":"","ast-hfb-above-header-display":"","ast-hfb-below-header-display":"","ast-hfb-mobile-header-display":"","site-post-title":"disabled","ast-breadcrumbs-content":"","ast-featured-img":"","footer-sml-layout":"","ast-disable-related-posts":"","theme-transparent-header-meta":"enabled","adv-header-id-meta":"","stick-header-meta":"","header-above-stick-meta":"","header-main-stick-meta":"","header-below-stick-meta":"","astra-migrate-meta-layouts":"","ast-page-background-enabled":"default","ast-page-background-meta":{"desktop":{"background-color":"var(--ast-global-color-4)","background-image":"","background-repeat":"repeat","background-position":"center center","background-size":"auto","background-attachment":"scroll","background-type":"","background-media":"","overlay-type":"","overlay-color":"","overlay-opacity":"","overlay-gradient":""},"tablet":{"background-color":"","background-image":"","background-repeat":"repeat","background-position":"center center","background-size":"auto","background-attachment":"scroll","background-type":"","background-media":"","overlay-type":"","overlay-color":"","overlay-opacity":"","overlay-gradient":""},"mobile":{"background-color":"","background-image":"","background-repeat":"repeat","background-position":"center center","background-size":"auto","background-attachment":"scroll","background-type":"","background-media":"","overlay-type":"","overlay-color":"","overlay-opacity":"","overlay-gradient":""}},"ast-content-background-meta":{"desktop":{"background-color":"var(--ast-global-color-5)","background-image":"","background-repeat":"repeat","background-position":"center center","background-size":"auto","background-attachment":"scroll","background-type":"","background-media":"","overlay-type":"","overlay-color":"","overlay-opacity":"","overlay-gradient":""},"tablet":{"background-color":"var(--ast-global-color-5)","background-image":"","background-repeat":"repeat","background-position":"center center","background-size":"auto","background-attachment":"scroll","background-type":"","background-media":"","overlay-type":"","overlay-color":"","overlay-opacity":"","overlay-gradient":""},"mobile":{"background-color":"var(--ast-global-color-5)","background-image":"","background-repeat":"repeat","background-position":"center center","background-size":"auto","background-attachment":"scroll","background-type":"","background-media":"","overlay-type":"","overlay-color":"","overlay-opacity":"","overlay-gradient":""}},"footnotes":""},"class_list":["post-36","page","type-page","status-publish","hentry"],"aioseo_notices":[],"uagb_featured_image_src":{"full":false,"thumbnail":false,"medium":false,"medium_large":false,"large":false,"1536x1536":false,"2048x2048":false,"trp-custom-language-flag":false},"uagb_author_info":{"display_name":"David Maillard","author_link":"https:\/\/maintenir.ca\/fr\/author\/prurxtyadc5e\/"},"uagb_comment_info":0,"uagb_excerpt":"About Maintenir Most organizations don\u2019t struggle because of a lack of tools.They struggle because their operations aren\u2019t aligned. What We [&hellip;]","_links":{"self":[{"href":"https:\/\/maintenir.ca\/fr\/wp-json\/wp\/v2\/pages\/36","targetHints":{"allow":["GET"]}}],"collection":[{"href":"https:\/\/maintenir.ca\/fr\/wp-json\/wp\/v2\/pages"}],"about":[{"href":"https:\/\/maintenir.ca\/fr\/wp-json\/wp\/v2\/types\/page"}],"author":[{"embeddable":true,"href":"https:\/\/maintenir.ca\/fr\/wp-json\/wp\/v2\/users\/7"}],"replies":[{"embeddable":true,"href":"https:\/\/maintenir.ca\/fr\/wp-json\/wp\/v2\/comments?post=36"}],"version-history":[{"count":40,"href":"https:\/\/maintenir.ca\/fr\/wp-json\/wp\/v2\/pages\/36\/revisions"}],"predecessor-version":[{"id":2201,"href":"https:\/\/maintenir.ca\/fr\/wp-json\/wp\/v2\/pages\/36\/revisions\/2201"}],"wp:attachment":[{"href":"https:\/\/maintenir.ca\/fr\/wp-json\/wp\/v2\/media?parent=36"}],"curies":[{"name":"wp","href":"https:\/\/api.w.org\/{rel}","templated":true}]}}